{"id":1557,"date":"2026-02-02T14:45:13","date_gmt":"2026-02-02T13:45:13","guid":{"rendered":"https:\/\/paromerchtem.be\/contact\/service-de-garde\/"},"modified":"2026-04-08T15:59:38","modified_gmt":"2026-04-08T13:59:38","slug":"service-de-garde","status":"publish","type":"page","link":"https:\/\/paromerchtem.be\/fr\/contact\/service-de-garde\/","title":{"rendered":"Service de garde"},"content":{"rendered":"\t\t<div data-elementor-type=\"wp-page\" data-elementor-id=\"1557\" class=\"elementor elementor-1557 elementor-334\" data-elementor-post-type=\"page\">\n\t\t\t\t<div class=\"elementor-element elementor-element-a48beb7 e-con-full e-flex e-con e-parent\" data-id=\"a48beb7\" data-element_type=\"container\" data-e-type=\"container\">\n\t\t<div class=\"elementor-element elementor-element-d63619d e-con-full e-flex e-con e-child\" data-id=\"d63619d\" data-element_type=\"container\" data-e-type=\"container\">\n\t\t<div class=\"elementor-element elementor-element-ab6255b e-con-full e-flex e-con e-child\" data-id=\"ab6255b\" data-element_type=\"container\" data-e-type=\"container\">\n\t\t\t\t<div class=\"elementor-element elementor-element-7c5d060 elementor-widget elementor-widget-heading\" data-id=\"7c5d060\" data-element_type=\"widget\" data-e-type=\"widget\" data-widget_type=\"heading.default\">\n\t\t\t\t<div class=\"elementor-widget-container\">\n\t\t\t\t\t<h1 class=\"elementor-heading-title elementor-size-default\"><b>Soins urgents<\/b> en dehors des heures de bureau ?<\/h1>\t\t\t\t<\/div>\n\t\t\t\t<\/div>\n\t\t\t\t<div class=\"elementor-element elementor-element-c69f3e2 elementor-align-right elementor-mobile-align-left elementor-widget elementor-widget-button\" data-id=\"c69f3e2\" data-element_type=\"widget\" data-e-type=\"widget\" data-widget_type=\"button.default\">\n\t\t\t\t<div class=\"elementor-widget-container\">\n\t\t\t\t\t\t\t\t\t<div class=\"elementor-button-wrapper\">\n\t\t\t\t\t<a class=\"elementor-button elementor-button-link elementor-size-sm\" href=\"#wachtdienst\">\n\t\t\t\t\t\t<span class=\"elementor-button-content-wrapper\">\n\t\t\t\t\t\t<span class=\"elementor-button-icon\">\n\t\t\t\t<i aria-hidden=\"true\" class=\"fas fa-arrow-down\"><\/i>\t\t\t<\/span>\n\t\t\t\t\t\t\t\t<\/span>\n\t\t\t\t\t<\/a>\n\t\t\t\t<\/div>\n\t\t\t\t\t\t\t\t<\/div>\n\t\t\t\t<\/div>\n\t\t\t\t<\/div>\n\t\t\t\t<\/div>\n\t\t<div class=\"elementor-element elementor-element-a0fc2c3 e-con-full e-flex e-con e-child\" data-id=\"a0fc2c3\" data-element_type=\"container\" data-e-type=\"container\">\n\t\t\t\t<div class=\"elementor-element elementor-element-5be1e87 elementor-widget elementor-widget-image\" data-id=\"5be1e87\" data-element_type=\"widget\" data-e-type=\"widget\" data-widget_type=\"image.default\">\n\t\t\t\t<div class=\"elementor-widget-container\">\n\t\t\t\t\t\t\t\t\t\t\t\t\t\t\t<img fetchpriority=\"high\" decoding=\"async\" width=\"1707\" height=\"2560\" src=\"https:\/\/paromerchtem.be\/wp-content\/uploads\/2026\/02\/X7A5833-scaled.webp\" class=\"attachment-full size-full wp-image-1558\" alt=\"\" srcset=\"https:\/\/paromerchtem.be\/wp-content\/uploads\/2026\/02\/X7A5833-scaled.webp 1707w, https:\/\/paromerchtem.be\/wp-content\/uploads\/2026\/02\/X7A5833-200x300.webp 200w, https:\/\/paromerchtem.be\/wp-content\/uploads\/2026\/02\/X7A5833-683x1024.webp 683w, https:\/\/paromerchtem.be\/wp-content\/uploads\/2026\/02\/X7A5833-768x1152.webp 768w, https:\/\/paromerchtem.be\/wp-content\/uploads\/2026\/02\/X7A5833-1024x1536.webp 1024w, https:\/\/paromerchtem.be\/wp-content\/uploads\/2026\/02\/X7A5833-1366x2048.webp 1366w\" sizes=\"(max-width: 1707px) 100vw, 1707px\" \/>\t\t\t\t\t\t\t\t\t\t\t\t\t\t\t<\/div>\n\t\t\t\t<\/div>\n\t\t\t\t<\/div>\n\t\t\t\t<\/div>\n\t\t<div class=\"elementor-element elementor-element-596e2cb e-flex e-con-boxed e-con e-parent\" data-id=\"596e2cb\" data-element_type=\"container\" data-e-type=\"container\" id=\"wachtdienst\">\n\t\t\t\t\t<div class=\"e-con-inner\">\n\t\t<div class=\"elementor-element elementor-element-9b88977 e-con-full e-flex e-con e-child\" data-id=\"9b88977\" data-element_type=\"container\" data-e-type=\"container\">\n\t\t\t\t<div class=\"elementor-element elementor-element-e62bf24 elementor-widget elementor-widget-image\" data-id=\"e62bf24\" data-element_type=\"widget\" data-e-type=\"widget\" data-widget_type=\"image.default\">\n\t\t\t\t<div class=\"elementor-widget-container\">\n\t\t\t\t\t\t\t\t\t\t\t\t\t\t\t<img decoding=\"async\" width=\"1707\" height=\"2560\" src=\"https:\/\/paromerchtem.be\/wp-content\/uploads\/2026\/02\/X7A5800-1-scaled.webp\" class=\"attachment-full size-full wp-image-1506\" alt=\"R\u00e9ception de Paro Merchtem avec des informations pour les patients\" srcset=\"https:\/\/paromerchtem.be\/wp-content\/uploads\/2026\/02\/X7A5800-1-scaled.webp 1707w, https:\/\/paromerchtem.be\/wp-content\/uploads\/2026\/02\/X7A5800-1-200x300.webp 200w, https:\/\/paromerchtem.be\/wp-content\/uploads\/2026\/02\/X7A5800-1-683x1024.webp 683w, https:\/\/paromerchtem.be\/wp-content\/uploads\/2026\/02\/X7A5800-1-768x1152.webp 768w, https:\/\/paromerchtem.be\/wp-content\/uploads\/2026\/02\/X7A5800-1-1024x1536.webp 1024w, https:\/\/paromerchtem.be\/wp-content\/uploads\/2026\/02\/X7A5800-1-1366x2048.webp 1366w\" sizes=\"(max-width: 1707px) 100vw, 1707px\" \/>\t\t\t\t\t\t\t\t\t\t\t\t\t\t\t<\/div>\n\t\t\t\t<\/div>\n\t\t\t\t<\/div>\n\t\t<div class=\"elementor-element elementor-element-1baff8c e-con-full e-flex e-con e-child\" data-id=\"1baff8c\" data-element_type=\"container\" data-e-type=\"container\">\n\t\t\t\t<div class=\"elementor-element elementor-element-9f94d0c elementor-widget elementor-widget-heading\" data-id=\"9f94d0c\" data-element_type=\"widget\" data-e-type=\"widget\" data-widget_type=\"heading.default\">\n\t\t\t\t<div class=\"elementor-widget-container\">\n\t\t\t\t\t<h2 class=\"elementor-heading-title elementor-size-default\">Soins urgents<\/h2>\t\t\t\t<\/div>\n\t\t\t\t<\/div>\n\t\t\t\t<div class=\"elementor-element elementor-element-14123b2 info-text elementor-widget elementor-widget-text-editor\" data-id=\"14123b2\" data-element_type=\"widget\" data-e-type=\"widget\" data-widget_type=\"text-editor.default\">\n\t\t\t\t<div class=\"elementor-widget-container\">\n\t\t\t\t\t\t\t\t\t<p class=\"p1\">Vous pouvez toujours partager des informations par e-mail. En cas de probl\u00e8me urgent, vous pouvez vous adresser au <b>dentiste de garde<\/b> pendant le week-end, les jours f\u00e9ri\u00e9s et les jours de pont via le <b>num\u00e9ro d\u2019appel central 0903\/39969<\/b>. Ce service est disponible de 9h \u00e0 18h. Attention, il s\u2019agit d\u2019un num\u00e9ro payant co\u00fbtant 1,5 EUR par minute. Le centre d\u2019appels vous mettra en relation avec le <b>dentiste de garde<\/b> le plus proche. Veillez donc \u00e0 bien noter l\u2019adresse.      <\/p><p class=\"p1\">Seuls les traitements urgents sont effectu\u00e9s pendant le service de garde. Vous trouverez de plus amples informations sur <span class=\"s1\">www.tandarts.be<\/span>. Pour la <b>garde sp\u00e9cialis\u00e9e en parodontologie<\/b>, vous pouvez appeler le num\u00e9ro <b>070\/2221225<\/b>. Ce service est disponible de 10h \u00e0 12h et de 16h \u00e0 18h.  <\/p>\t\t\t\t\t\t\t\t<\/div>\n\t\t\t\t<\/div>\n\t\t\t\t<div class=\"elementor-element elementor-element-3aecb66 elementor-align-left elementor-widget elementor-widget-button\" data-id=\"3aecb66\" data-element_type=\"widget\" data-e-type=\"widget\" data-widget_type=\"button.default\">\n\t\t\t\t<div class=\"elementor-widget-container\">\n\t\t\t\t\t\t\t\t\t<div class=\"elementor-button-wrapper\">\n\t\t\t\t\t<a class=\"elementor-button elementor-button-link elementor-size-sm\" href=\"https:\/\/paromerchtem.be\/fr\/contact\/\">\n\t\t\t\t\t\t<span class=\"elementor-button-content-wrapper\">\n\t\t\t\t\t\t\t\t\t<span class=\"elementor-button-text\">Contact<\/span>\n\t\t\t\t\t<\/span>\n\t\t\t\t\t<\/a>\n\t\t\t\t<\/div>\n\t\t\t\t\t\t\t\t<\/div>\n\t\t\t\t<\/div>\n\t\t\t\t<\/div>\n\t\t\t\t\t<\/div>\n\t\t\t\t<\/div>\n\t\t\t\t<\/div>\n\t\t","protected":false},"excerpt":{"rendered":"<p>Soins urgents en dehors des heures de bureau ? Soins urgents Vous pouvez toujours partager des informations par e-mail. En cas de probl\u00e8me urgent, vous pouvez vous adresser au dentiste de garde pendant le week-end, les jours f\u00e9ri\u00e9s et les jours de pont via le num\u00e9ro d\u2019appel central 0903\/39969. Ce service est disponible de 9h [&hellip;]<\/p>\n","protected":false},"author":4,"featured_media":1558,"parent":1417,"menu_order":0,"comment_status":"closed","ping_status":"closed","template":"","meta":{"footnotes":""},"class_list":["post-1557","page","type-page","status-publish","has-post-thumbnail","hentry"],"yoast_head":"<!-- This site is optimized with the Yoast SEO plugin v27.3 - https:\/\/yoast.com\/product\/yoast-seo-wordpress\/ -->\n<title>Service de garde en parodontologie et implantologie \u2013 Paro Merchtem<\/title>\n<meta name=\"description\" content=\"Des soins sp\u00e9cialis\u00e9s urgents \u00e0 Merchtem ? Paro Merchtem propose un service de garde pour la parodontologie et l\u2019implantologie. Contact via le 070\/2221225 ou informations par e-mail.\" \/>\n<meta name=\"robots\" content=\"index, follow, max-snippet:-1, max-image-preview:large, max-video-preview:-1\" \/>\n<link rel=\"canonical\" href=\"https:\/\/paromerchtem.be\/fr\/contact\/service-de-garde\/\" \/>\n<meta property=\"og:locale\" content=\"fr_FR\" \/>\n<meta property=\"og:type\" content=\"article\" \/>\n<meta property=\"og:title\" content=\"Service de garde en parodontologie et implantologie \u2013 Paro Merchtem\" \/>\n<meta property=\"og:description\" content=\"Des soins sp\u00e9cialis\u00e9s urgents \u00e0 Merchtem ? Paro Merchtem propose un service de garde pour la parodontologie et l\u2019implantologie. Contact via le 070\/2221225 ou informations par e-mail.\" \/>\n<meta property=\"og:url\" content=\"https:\/\/paromerchtem.be\/fr\/contact\/service-de-garde\/\" \/>\n<meta property=\"og:site_name\" content=\"Praktijk voor Parodontologie Merchtem\" \/>\n<meta property=\"article:modified_time\" content=\"2026-04-08T13:59:38+00:00\" \/>\n<meta property=\"og:image\" content=\"https:\/\/paromerchtem.be\/wp-content\/uploads\/2026\/02\/X7A5833-scaled.webp\" \/>\n\t<meta property=\"og:image:width\" content=\"1707\" \/>\n\t<meta property=\"og:image:height\" content=\"2560\" \/>\n\t<meta property=\"og:image:type\" content=\"image\/webp\" \/>\n<meta name=\"twitter:card\" content=\"summary_large_image\" \/>\n<meta name=\"twitter:label1\" content=\"Dur\u00e9e de lecture estim\u00e9e\" \/>\n\t<meta name=\"twitter:data1\" content=\"1 minute\" \/>\n<script type=\"application\/ld+json\" class=\"yoast-schema-graph\">{\"@context\":\"https:\\\/\\\/schema.org\",\"@graph\":[{\"@type\":\"WebPage\",\"@id\":\"https:\\\/\\\/paromerchtem.be\\\/fr\\\/contact\\\/service-de-garde\\\/\",\"url\":\"https:\\\/\\\/paromerchtem.be\\\/fr\\\/contact\\\/service-de-garde\\\/\",\"name\":\"Service de garde en parodontologie et implantologie \u2013 Paro Merchtem\",\"isPartOf\":{\"@id\":\"https:\\\/\\\/paromerchtem.be\\\/fr\\\/#website\"},\"primaryImageOfPage\":{\"@id\":\"https:\\\/\\\/paromerchtem.be\\\/fr\\\/contact\\\/service-de-garde\\\/#primaryimage\"},\"image\":{\"@id\":\"https:\\\/\\\/paromerchtem.be\\\/fr\\\/contact\\\/service-de-garde\\\/#primaryimage\"},\"thumbnailUrl\":\"https:\\\/\\\/paromerchtem.be\\\/wp-content\\\/uploads\\\/2026\\\/02\\\/X7A5833-scaled.webp\",\"datePublished\":\"2026-02-02T13:45:13+00:00\",\"dateModified\":\"2026-04-08T13:59:38+00:00\",\"description\":\"Des soins sp\u00e9cialis\u00e9s urgents \u00e0 Merchtem ? Paro Merchtem propose un service de garde pour la parodontologie et l\u2019implantologie. Contact via le 070\\\/2221225 ou informations par e-mail.\",\"breadcrumb\":{\"@id\":\"https:\\\/\\\/paromerchtem.be\\\/fr\\\/contact\\\/service-de-garde\\\/#breadcrumb\"},\"inLanguage\":\"fr-FR\",\"potentialAction\":[{\"@type\":\"ReadAction\",\"target\":[\"https:\\\/\\\/paromerchtem.be\\\/fr\\\/contact\\\/service-de-garde\\\/\"]}]},{\"@type\":\"ImageObject\",\"inLanguage\":\"fr-FR\",\"@id\":\"https:\\\/\\\/paromerchtem.be\\\/fr\\\/contact\\\/service-de-garde\\\/#primaryimage\",\"url\":\"https:\\\/\\\/paromerchtem.be\\\/wp-content\\\/uploads\\\/2026\\\/02\\\/X7A5833-scaled.webp\",\"contentUrl\":\"https:\\\/\\\/paromerchtem.be\\\/wp-content\\\/uploads\\\/2026\\\/02\\\/X7A5833-scaled.webp\",\"width\":1707,\"height\":2560},{\"@type\":\"BreadcrumbList\",\"@id\":\"https:\\\/\\\/paromerchtem.be\\\/fr\\\/contact\\\/service-de-garde\\\/#breadcrumb\",\"itemListElement\":[{\"@type\":\"ListItem\",\"position\":1,\"name\":\"Home\",\"item\":\"https:\\\/\\\/paromerchtem.be\\\/fr\\\/\"},{\"@type\":\"ListItem\",\"position\":2,\"name\":\"Contact\",\"item\":\"https:\\\/\\\/paromerchtem.be\\\/fr\\\/contact\\\/\"},{\"@type\":\"ListItem\",\"position\":3,\"name\":\"Service de garde\"}]},{\"@type\":\"WebSite\",\"@id\":\"https:\\\/\\\/paromerchtem.be\\\/fr\\\/#website\",\"url\":\"https:\\\/\\\/paromerchtem.be\\\/fr\\\/\",\"name\":\"Praktijk voor Parodontologie Merchtem\",\"description\":\"\",\"publisher\":{\"@id\":\"https:\\\/\\\/paromerchtem.be\\\/fr\\\/#organization\"},\"potentialAction\":[{\"@type\":\"SearchAction\",\"target\":{\"@type\":\"EntryPoint\",\"urlTemplate\":\"https:\\\/\\\/paromerchtem.be\\\/fr\\\/?s={search_term_string}\"},\"query-input\":{\"@type\":\"PropertyValueSpecification\",\"valueRequired\":true,\"valueName\":\"search_term_string\"}}],\"inLanguage\":\"fr-FR\"},{\"@type\":\"Organization\",\"@id\":\"https:\\\/\\\/paromerchtem.be\\\/fr\\\/#organization\",\"name\":\"Praktijk voor Parodontologie Merchtem\",\"url\":\"https:\\\/\\\/paromerchtem.be\\\/fr\\\/\",\"logo\":{\"@type\":\"ImageObject\",\"inLanguage\":\"fr-FR\",\"@id\":\"https:\\\/\\\/paromerchtem.be\\\/fr\\\/#\\\/schema\\\/logo\\\/image\\\/\",\"url\":\"https:\\\/\\\/paromerchtem.be\\\/wp-content\\\/uploads\\\/2022\\\/07\\\/Group-5.svg\",\"contentUrl\":\"https:\\\/\\\/paromerchtem.be\\\/wp-content\\\/uploads\\\/2022\\\/07\\\/Group-5.svg\",\"width\":309,\"height\":519,\"caption\":\"Praktijk voor Parodontologie Merchtem\"},\"image\":{\"@id\":\"https:\\\/\\\/paromerchtem.be\\\/fr\\\/#\\\/schema\\\/logo\\\/image\\\/\"}}]}<\/script>\n<!-- \/ Yoast SEO plugin. -->","yoast_head_json":{"title":"Service de garde en parodontologie et implantologie \u2013 Paro Merchtem","description":"Des soins sp\u00e9cialis\u00e9s urgents \u00e0 Merchtem ? Paro Merchtem propose un service de garde pour la parodontologie et l\u2019implantologie. Contact via le 070\/2221225 ou informations par e-mail.","robots":{"index":"index","follow":"follow","max-snippet":"max-snippet:-1","max-image-preview":"max-image-preview:large","max-video-preview":"max-video-preview:-1"},"canonical":"https:\/\/paromerchtem.be\/fr\/contact\/service-de-garde\/","og_locale":"fr_FR","og_type":"article","og_title":"Service de garde en parodontologie et implantologie \u2013 Paro Merchtem","og_description":"Des soins sp\u00e9cialis\u00e9s urgents \u00e0 Merchtem ? Paro Merchtem propose un service de garde pour la parodontologie et l\u2019implantologie. Contact via le 070\/2221225 ou informations par e-mail.","og_url":"https:\/\/paromerchtem.be\/fr\/contact\/service-de-garde\/","og_site_name":"Praktijk voor Parodontologie Merchtem","article_modified_time":"2026-04-08T13:59:38+00:00","og_image":[{"width":1707,"height":2560,"url":"https:\/\/paromerchtem.be\/wp-content\/uploads\/2026\/02\/X7A5833-scaled.webp","type":"image\/webp"}],"twitter_card":"summary_large_image","twitter_misc":{"Dur\u00e9e de lecture estim\u00e9e":"1 minute"},"schema":{"@context":"https:\/\/schema.org","@graph":[{"@type":"WebPage","@id":"https:\/\/paromerchtem.be\/fr\/contact\/service-de-garde\/","url":"https:\/\/paromerchtem.be\/fr\/contact\/service-de-garde\/","name":"Service de garde en parodontologie et implantologie \u2013 Paro Merchtem","isPartOf":{"@id":"https:\/\/paromerchtem.be\/fr\/#website"},"primaryImageOfPage":{"@id":"https:\/\/paromerchtem.be\/fr\/contact\/service-de-garde\/#primaryimage"},"image":{"@id":"https:\/\/paromerchtem.be\/fr\/contact\/service-de-garde\/#primaryimage"},"thumbnailUrl":"https:\/\/paromerchtem.be\/wp-content\/uploads\/2026\/02\/X7A5833-scaled.webp","datePublished":"2026-02-02T13:45:13+00:00","dateModified":"2026-04-08T13:59:38+00:00","description":"Des soins sp\u00e9cialis\u00e9s urgents \u00e0 Merchtem ? Paro Merchtem propose un service de garde pour la parodontologie et l\u2019implantologie. Contact via le 070\/2221225 ou informations par e-mail.","breadcrumb":{"@id":"https:\/\/paromerchtem.be\/fr\/contact\/service-de-garde\/#breadcrumb"},"inLanguage":"fr-FR","potentialAction":[{"@type":"ReadAction","target":["https:\/\/paromerchtem.be\/fr\/contact\/service-de-garde\/"]}]},{"@type":"ImageObject","inLanguage":"fr-FR","@id":"https:\/\/paromerchtem.be\/fr\/contact\/service-de-garde\/#primaryimage","url":"https:\/\/paromerchtem.be\/wp-content\/uploads\/2026\/02\/X7A5833-scaled.webp","contentUrl":"https:\/\/paromerchtem.be\/wp-content\/uploads\/2026\/02\/X7A5833-scaled.webp","width":1707,"height":2560},{"@type":"BreadcrumbList","@id":"https:\/\/paromerchtem.be\/fr\/contact\/service-de-garde\/#breadcrumb","itemListElement":[{"@type":"ListItem","position":1,"name":"Home","item":"https:\/\/paromerchtem.be\/fr\/"},{"@type":"ListItem","position":2,"name":"Contact","item":"https:\/\/paromerchtem.be\/fr\/contact\/"},{"@type":"ListItem","position":3,"name":"Service de garde"}]},{"@type":"WebSite","@id":"https:\/\/paromerchtem.be\/fr\/#website","url":"https:\/\/paromerchtem.be\/fr\/","name":"Praktijk voor Parodontologie Merchtem","description":"","publisher":{"@id":"https:\/\/paromerchtem.be\/fr\/#organization"},"potentialAction":[{"@type":"SearchAction","target":{"@type":"EntryPoint","urlTemplate":"https:\/\/paromerchtem.be\/fr\/?s={search_term_string}"},"query-input":{"@type":"PropertyValueSpecification","valueRequired":true,"valueName":"search_term_string"}}],"inLanguage":"fr-FR"},{"@type":"Organization","@id":"https:\/\/paromerchtem.be\/fr\/#organization","name":"Praktijk voor Parodontologie Merchtem","url":"https:\/\/paromerchtem.be\/fr\/","logo":{"@type":"ImageObject","inLanguage":"fr-FR","@id":"https:\/\/paromerchtem.be\/fr\/#\/schema\/logo\/image\/","url":"https:\/\/paromerchtem.be\/wp-content\/uploads\/2022\/07\/Group-5.svg","contentUrl":"https:\/\/paromerchtem.be\/wp-content\/uploads\/2022\/07\/Group-5.svg","width":309,"height":519,"caption":"Praktijk voor Parodontologie Merchtem"},"image":{"@id":"https:\/\/paromerchtem.be\/fr\/#\/schema\/logo\/image\/"}}]}},"_links":{"self":[{"href":"https:\/\/paromerchtem.be\/fr\/wp-json\/wp\/v2\/pages\/1557","targetHints":{"allow":["GET"]}}],"collection":[{"href":"https:\/\/paromerchtem.be\/fr\/wp-json\/wp\/v2\/pages"}],"about":[{"href":"https:\/\/paromerchtem.be\/fr\/wp-json\/wp\/v2\/types\/page"}],"author":[{"embeddable":true,"href":"https:\/\/paromerchtem.be\/fr\/wp-json\/wp\/v2\/users\/4"}],"replies":[{"embeddable":true,"href":"https:\/\/paromerchtem.be\/fr\/wp-json\/wp\/v2\/comments?post=1557"}],"version-history":[{"count":1,"href":"https:\/\/paromerchtem.be\/fr\/wp-json\/wp\/v2\/pages\/1557\/revisions"}],"predecessor-version":[{"id":1559,"href":"https:\/\/paromerchtem.be\/fr\/wp-json\/wp\/v2\/pages\/1557\/revisions\/1559"}],"up":[{"embeddable":true,"href":"https:\/\/paromerchtem.be\/fr\/wp-json\/wp\/v2\/pages\/1417"}],"wp:featuredmedia":[{"embeddable":true,"href":"https:\/\/paromerchtem.be\/fr\/wp-json\/wp\/v2\/media\/1558"}],"wp:attachment":[{"href":"https:\/\/paromerchtem.be\/fr\/wp-json\/wp\/v2\/media?parent=1557"}],"curies":[{"name":"wp","href":"https:\/\/api.w.org\/{rel}","templated":true}]}}