{"id":1553,"date":"2026-02-02T14:45:35","date_gmt":"2026-02-02T13:45:35","guid":{"rendered":"https:\/\/paromerchtem.be\/contact\/reference\/"},"modified":"2026-04-08T15:59:27","modified_gmt":"2026-04-08T13:59:27","slug":"reference","status":"publish","type":"page","link":"https:\/\/paromerchtem.be\/fr\/contact\/reference\/","title":{"rendered":"R\u00e9f\u00e9rence"},"content":{"rendered":"\t\t<div data-elementor-type=\"wp-page\" data-elementor-id=\"1553\" class=\"elementor elementor-1553 elementor-336\" data-elementor-post-type=\"page\">\n\t\t\t\t<div class=\"elementor-element elementor-element-26c53a2 e-con-full e-flex e-con e-parent\" data-id=\"26c53a2\" data-element_type=\"container\" data-e-type=\"container\">\n\t\t<div class=\"elementor-element elementor-element-ee62dd6 e-con-full e-flex e-con e-child\" data-id=\"ee62dd6\" data-element_type=\"container\" data-e-type=\"container\">\n\t\t<div class=\"elementor-element elementor-element-c150641 e-con-full e-flex e-con e-child\" data-id=\"c150641\" data-element_type=\"container\" data-e-type=\"container\">\n\t\t\t\t<div class=\"elementor-element elementor-element-b99a4d2 elementor-widget elementor-widget-heading\" data-id=\"b99a4d2\" data-element_type=\"widget\" data-e-type=\"widget\" data-widget_type=\"heading.default\">\n\t\t\t\t<div class=\"elementor-widget-container\">\n\t\t\t\t\t<h1 class=\"elementor-heading-title elementor-size-default\"><b>R\u00e9f\u00e9rence et suivi<\/b>, comment nous accompagnons le patient<\/h1>\t\t\t\t<\/div>\n\t\t\t\t<\/div>\n\t\t\t\t<div class=\"elementor-element elementor-element-cbd1056 elementor-align-right elementor-mobile-align-left elementor-widget elementor-widget-button\" data-id=\"cbd1056\" data-element_type=\"widget\" data-e-type=\"widget\" data-widget_type=\"button.default\">\n\t\t\t\t<div class=\"elementor-widget-container\">\n\t\t\t\t\t\t\t\t\t<div class=\"elementor-button-wrapper\">\n\t\t\t\t\t<a class=\"elementor-button elementor-button-link elementor-size-sm\" href=\"#doorverwijzing\">\n\t\t\t\t\t\t<span class=\"elementor-button-content-wrapper\">\n\t\t\t\t\t\t<span class=\"elementor-button-icon\">\n\t\t\t\t<i aria-hidden=\"true\" class=\"fas fa-arrow-down\"><\/i>\t\t\t<\/span>\n\t\t\t\t\t\t\t\t<\/span>\n\t\t\t\t\t<\/a>\n\t\t\t\t<\/div>\n\t\t\t\t\t\t\t\t<\/div>\n\t\t\t\t<\/div>\n\t\t\t\t<\/div>\n\t\t\t\t<\/div>\n\t\t<div class=\"elementor-element elementor-element-fc84751 e-con-full e-flex e-con e-child\" data-id=\"fc84751\" data-element_type=\"container\" data-e-type=\"container\">\n\t\t\t\t<div class=\"elementor-element elementor-element-7f220a9 elementor-widget elementor-widget-image\" data-id=\"7f220a9\" data-element_type=\"widget\" data-e-type=\"widget\" data-widget_type=\"image.default\">\n\t\t\t\t<div class=\"elementor-widget-container\">\n\t\t\t\t\t\t\t\t\t\t\t\t\t\t\t<img fetchpriority=\"high\" decoding=\"async\" width=\"1708\" height=\"2560\" src=\"https:\/\/paromerchtem.be\/wp-content\/uploads\/2026\/02\/X7A6461-scaled.webp\" class=\"attachment-full size-full wp-image-1555\" alt=\"Consultation avec le dentiste r\u00e9f\u00e9rent concernant les soins sp\u00e9cialis\u00e9s\" srcset=\"https:\/\/paromerchtem.be\/wp-content\/uploads\/2026\/02\/X7A6461-scaled.webp 1708w, https:\/\/paromerchtem.be\/wp-content\/uploads\/2026\/02\/X7A6461-200x300.webp 200w, https:\/\/paromerchtem.be\/wp-content\/uploads\/2026\/02\/X7A6461-683x1024.webp 683w, https:\/\/paromerchtem.be\/wp-content\/uploads\/2026\/02\/X7A6461-768x1151.webp 768w, https:\/\/paromerchtem.be\/wp-content\/uploads\/2026\/02\/X7A6461-1025x1536.webp 1025w, https:\/\/paromerchtem.be\/wp-content\/uploads\/2026\/02\/X7A6461-1366x2048.webp 1366w\" sizes=\"(max-width: 1708px) 100vw, 1708px\" \/>\t\t\t\t\t\t\t\t\t\t\t\t\t\t\t<\/div>\n\t\t\t\t<\/div>\n\t\t\t\t<\/div>\n\t\t\t\t<\/div>\n\t\t<div class=\"elementor-element elementor-element-cb11373 e-flex e-con-boxed e-con e-parent\" data-id=\"cb11373\" data-element_type=\"container\" data-e-type=\"container\" id=\"doorverwijzing\">\n\t\t\t\t\t<div class=\"e-con-inner\">\n\t\t<div class=\"elementor-element elementor-element-6cb7eaa e-con-full e-flex e-con e-child\" data-id=\"6cb7eaa\" data-element_type=\"container\" data-e-type=\"container\">\n\t\t\t\t<div class=\"elementor-element elementor-element-b4feb22 elementor-widget elementor-widget-image\" data-id=\"b4feb22\" data-element_type=\"widget\" data-e-type=\"widget\" data-widget_type=\"image.default\">\n\t\t\t\t<div class=\"elementor-widget-container\">\n\t\t\t\t\t\t\t\t\t\t\t\t\t\t\t<img decoding=\"async\" width=\"1419\" height=\"2128\" src=\"https:\/\/paromerchtem.be\/wp-content\/uploads\/2026\/02\/X7A6236.webp\" class=\"attachment-full size-full wp-image-1554\" alt=\"\" srcset=\"https:\/\/paromerchtem.be\/wp-content\/uploads\/2026\/02\/X7A6236.webp 1419w, https:\/\/paromerchtem.be\/wp-content\/uploads\/2026\/02\/X7A6236-200x300.webp 200w, https:\/\/paromerchtem.be\/wp-content\/uploads\/2026\/02\/X7A6236-683x1024.webp 683w, https:\/\/paromerchtem.be\/wp-content\/uploads\/2026\/02\/X7A6236-768x1152.webp 768w, https:\/\/paromerchtem.be\/wp-content\/uploads\/2026\/02\/X7A6236-1024x1536.webp 1024w, https:\/\/paromerchtem.be\/wp-content\/uploads\/2026\/02\/X7A6236-1366x2048.webp 1366w\" sizes=\"(max-width: 1419px) 100vw, 1419px\" \/>\t\t\t\t\t\t\t\t\t\t\t\t\t\t\t<\/div>\n\t\t\t\t<\/div>\n\t\t\t\t<\/div>\n\t\t<div class=\"elementor-element elementor-element-b54e02d e-con-full e-flex e-con e-child\" data-id=\"b54e02d\" data-element_type=\"container\" data-e-type=\"container\">\n\t\t\t\t<div class=\"elementor-element elementor-element-0f0d781 elementor-widget elementor-widget-heading\" data-id=\"0f0d781\" data-element_type=\"widget\" data-e-type=\"widget\" data-widget_type=\"heading.default\">\n\t\t\t\t<div class=\"elementor-widget-container\">\n\t\t\t\t\t<h2 class=\"elementor-heading-title elementor-size-default\">R\u00e9f\u00e9rence<\/h2>\t\t\t\t<\/div>\n\t\t\t\t<\/div>\n\t\t\t\t<div class=\"elementor-element elementor-element-4c418fe info-text elementor-widget elementor-widget-text-editor\" data-id=\"4c418fe\" data-element_type=\"widget\" data-e-type=\"widget\" data-widget_type=\"text-editor.default\">\n\t\t\t\t<div class=\"elementor-widget-container\">\n\t\t\t\t\t\t\t\t\t<p class=\"p1\">Cher confr\u00e8re, ch\u00e8re cons\u0153ur,<\/p><p class=\"p1\">Nous vous remercions d\u2019avoir choisi nos soins sp\u00e9cialis\u00e9s. Si vous le souhaitez, nous vous tiendrons, ainsi que le patient, inform\u00e9s du d\u00e9roulement du traitement demand\u00e9. Ensuite, nous vous r\u00e9adresserons volontiers le patient ou nous chercherons avec vous un suivi appropri\u00e9 et sur mesure pour votre patient.  <\/p><p class=\"p1\">Afin de faciliter au mieux cette d\u00e9marche, vous trouverez ci-dessous quelques mod\u00e8les de r\u00e9f\u00e9rence.<\/p><p class=\"p1\">N\u2019h\u00e9sitez pas \u00e0 nous contacter pour plus d\u2019informations !<\/p>\t\t\t\t\t\t\t\t<\/div>\n\t\t\t\t<\/div>\n\t\t<div class=\"elementor-element elementor-element-ecc0474 e-con-full e-flex e-con e-child\" data-id=\"ecc0474\" data-element_type=\"container\" data-e-type=\"container\">\n\t\t\t\t<div class=\"elementor-element elementor-element-7681431 elementor-align-left elementor-mobile-align-justify elementor-widget elementor-widget-button\" data-id=\"7681431\" data-element_type=\"widget\" data-e-type=\"widget\" data-widget_type=\"button.default\">\n\t\t\t\t<div class=\"elementor-widget-container\">\n\t\t\t\t\t\t\t\t\t<div class=\"elementor-button-wrapper\">\n\t\t\t\t\t<a class=\"elementor-button elementor-button-link elementor-size-sm\" href=\"https:\/\/paromerchtem.be\/wp-content\/uploads\/2026\/03\/verwijzing-PDF-document-op-te-maken-Merchtem.pdf\" target=\"_blank\">\n\t\t\t\t\t\t<span class=\"elementor-button-content-wrapper\">\n\t\t\t\t\t\t<span class=\"elementor-button-icon\">\n\t\t\t\t<i aria-hidden=\"true\" class=\"fas fa-download\"><\/i>\t\t\t<\/span>\n\t\t\t\t\t\t\t\t\t<span class=\"elementor-button-text\">R\u00e9f\u00e9rence<\/span>\n\t\t\t\t\t<\/span>\n\t\t\t\t\t<\/a>\n\t\t\t\t<\/div>\n\t\t\t\t\t\t\t\t<\/div>\n\t\t\t\t<\/div>\n\t\t\t\t<\/div>\n\t\t\t\t<\/div>\n\t\t\t\t\t<\/div>\n\t\t\t\t<\/div>\n\t\t\t\t<\/div>\n\t\t","protected":false},"excerpt":{"rendered":"<p>R\u00e9f\u00e9rence et suivi, comment nous accompagnons le patient R\u00e9f\u00e9rence Cher confr\u00e8re, ch\u00e8re cons\u0153ur, Nous vous remercions d\u2019avoir choisi nos soins sp\u00e9cialis\u00e9s. Si vous le souhaitez, nous vous tiendrons, ainsi que le patient, inform\u00e9s du d\u00e9roulement du traitement demand\u00e9. Ensuite, nous vous r\u00e9adresserons volontiers le patient ou nous chercherons avec vous un suivi appropri\u00e9 et sur [&hellip;]<\/p>\n","protected":false},"author":4,"featured_media":1555,"parent":1417,"menu_order":0,"comment_status":"closed","ping_status":"closed","template":"","meta":{"footnotes":""},"class_list":["post-1553","page","type-page","status-publish","has-post-thumbnail","hentry"],"yoast_head":"<!-- This site is optimized with the Yoast SEO plugin v27.3 - https:\/\/yoast.com\/product\/yoast-seo-wordpress\/ -->\n<title>R\u00e9f\u00e9rence dentiste \u2013 Paro Merchtem Soins sp\u00e9cialis\u00e9s<\/title>\n<meta name=\"description\" content=\"Dentiste r\u00e9f\u00e9rent ? Paro Merchtem propose des traitements sp\u00e9cialis\u00e9s en parodontologie, implantologie et chirurgie mucogingivale, avec un suivi et un soutien clairs.\" \/>\n<meta name=\"robots\" content=\"index, follow, max-snippet:-1, max-image-preview:large, max-video-preview:-1\" \/>\n<link rel=\"canonical\" href=\"https:\/\/paromerchtem.be\/fr\/contact\/reference\/\" \/>\n<meta property=\"og:locale\" content=\"fr_FR\" \/>\n<meta property=\"og:type\" content=\"article\" \/>\n<meta property=\"og:title\" content=\"R\u00e9f\u00e9rence dentiste \u2013 Paro Merchtem Soins sp\u00e9cialis\u00e9s\" \/>\n<meta property=\"og:description\" content=\"Dentiste r\u00e9f\u00e9rent ? Paro Merchtem propose des traitements sp\u00e9cialis\u00e9s en parodontologie, implantologie et chirurgie mucogingivale, avec un suivi et un soutien clairs.\" \/>\n<meta property=\"og:url\" content=\"https:\/\/paromerchtem.be\/fr\/contact\/reference\/\" \/>\n<meta property=\"og:site_name\" content=\"Praktijk voor Parodontologie Merchtem\" \/>\n<meta property=\"article:modified_time\" content=\"2026-04-08T13:59:27+00:00\" \/>\n<meta property=\"og:image\" content=\"https:\/\/paromerchtem.be\/wp-content\/uploads\/2026\/02\/X7A6461-scaled.webp\" \/>\n\t<meta property=\"og:image:width\" content=\"1708\" \/>\n\t<meta property=\"og:image:height\" content=\"2560\" \/>\n\t<meta property=\"og:image:type\" content=\"image\/webp\" \/>\n<meta name=\"twitter:card\" content=\"summary_large_image\" \/>\n<meta name=\"twitter:label1\" content=\"Dur\u00e9e de lecture estim\u00e9e\" \/>\n\t<meta name=\"twitter:data1\" content=\"1 minute\" \/>\n<script type=\"application\/ld+json\" class=\"yoast-schema-graph\">{\"@context\":\"https:\\\/\\\/schema.org\",\"@graph\":[{\"@type\":\"WebPage\",\"@id\":\"https:\\\/\\\/paromerchtem.be\\\/fr\\\/contact\\\/reference\\\/\",\"url\":\"https:\\\/\\\/paromerchtem.be\\\/fr\\\/contact\\\/reference\\\/\",\"name\":\"R\u00e9f\u00e9rence dentiste \u2013 Paro Merchtem Soins sp\u00e9cialis\u00e9s\",\"isPartOf\":{\"@id\":\"https:\\\/\\\/paromerchtem.be\\\/fr\\\/#website\"},\"primaryImageOfPage\":{\"@id\":\"https:\\\/\\\/paromerchtem.be\\\/fr\\\/contact\\\/reference\\\/#primaryimage\"},\"image\":{\"@id\":\"https:\\\/\\\/paromerchtem.be\\\/fr\\\/contact\\\/reference\\\/#primaryimage\"},\"thumbnailUrl\":\"https:\\\/\\\/paromerchtem.be\\\/wp-content\\\/uploads\\\/2026\\\/02\\\/X7A6461-scaled.webp\",\"datePublished\":\"2026-02-02T13:45:35+00:00\",\"dateModified\":\"2026-04-08T13:59:27+00:00\",\"description\":\"Dentiste r\u00e9f\u00e9rent ? Paro Merchtem propose des traitements sp\u00e9cialis\u00e9s en parodontologie, implantologie et chirurgie mucogingivale, avec un suivi et un soutien clairs.\",\"breadcrumb\":{\"@id\":\"https:\\\/\\\/paromerchtem.be\\\/fr\\\/contact\\\/reference\\\/#breadcrumb\"},\"inLanguage\":\"fr-FR\",\"potentialAction\":[{\"@type\":\"ReadAction\",\"target\":[\"https:\\\/\\\/paromerchtem.be\\\/fr\\\/contact\\\/reference\\\/\"]}]},{\"@type\":\"ImageObject\",\"inLanguage\":\"fr-FR\",\"@id\":\"https:\\\/\\\/paromerchtem.be\\\/fr\\\/contact\\\/reference\\\/#primaryimage\",\"url\":\"https:\\\/\\\/paromerchtem.be\\\/wp-content\\\/uploads\\\/2026\\\/02\\\/X7A6461-scaled.webp\",\"contentUrl\":\"https:\\\/\\\/paromerchtem.be\\\/wp-content\\\/uploads\\\/2026\\\/02\\\/X7A6461-scaled.webp\",\"width\":1708,\"height\":2560,\"caption\":\"Consultation avec le dentiste r\u00e9f\u00e9rent concernant les soins sp\u00e9cialis\u00e9s\"},{\"@type\":\"BreadcrumbList\",\"@id\":\"https:\\\/\\\/paromerchtem.be\\\/fr\\\/contact\\\/reference\\\/#breadcrumb\",\"itemListElement\":[{\"@type\":\"ListItem\",\"position\":1,\"name\":\"Home\",\"item\":\"https:\\\/\\\/paromerchtem.be\\\/fr\\\/\"},{\"@type\":\"ListItem\",\"position\":2,\"name\":\"Contact\",\"item\":\"https:\\\/\\\/paromerchtem.be\\\/fr\\\/contact\\\/\"},{\"@type\":\"ListItem\",\"position\":3,\"name\":\"R\u00e9f\u00e9rence\"}]},{\"@type\":\"WebSite\",\"@id\":\"https:\\\/\\\/paromerchtem.be\\\/fr\\\/#website\",\"url\":\"https:\\\/\\\/paromerchtem.be\\\/fr\\\/\",\"name\":\"Praktijk voor Parodontologie Merchtem\",\"description\":\"\",\"publisher\":{\"@id\":\"https:\\\/\\\/paromerchtem.be\\\/fr\\\/#organization\"},\"potentialAction\":[{\"@type\":\"SearchAction\",\"target\":{\"@type\":\"EntryPoint\",\"urlTemplate\":\"https:\\\/\\\/paromerchtem.be\\\/fr\\\/?s={search_term_string}\"},\"query-input\":{\"@type\":\"PropertyValueSpecification\",\"valueRequired\":true,\"valueName\":\"search_term_string\"}}],\"inLanguage\":\"fr-FR\"},{\"@type\":\"Organization\",\"@id\":\"https:\\\/\\\/paromerchtem.be\\\/fr\\\/#organization\",\"name\":\"Praktijk voor Parodontologie Merchtem\",\"url\":\"https:\\\/\\\/paromerchtem.be\\\/fr\\\/\",\"logo\":{\"@type\":\"ImageObject\",\"inLanguage\":\"fr-FR\",\"@id\":\"https:\\\/\\\/paromerchtem.be\\\/fr\\\/#\\\/schema\\\/logo\\\/image\\\/\",\"url\":\"https:\\\/\\\/paromerchtem.be\\\/wp-content\\\/uploads\\\/2022\\\/07\\\/Group-5.svg\",\"contentUrl\":\"https:\\\/\\\/paromerchtem.be\\\/wp-content\\\/uploads\\\/2022\\\/07\\\/Group-5.svg\",\"width\":309,\"height\":519,\"caption\":\"Praktijk voor Parodontologie Merchtem\"},\"image\":{\"@id\":\"https:\\\/\\\/paromerchtem.be\\\/fr\\\/#\\\/schema\\\/logo\\\/image\\\/\"}}]}<\/script>\n<!-- \/ Yoast SEO plugin. -->","yoast_head_json":{"title":"R\u00e9f\u00e9rence dentiste \u2013 Paro Merchtem Soins sp\u00e9cialis\u00e9s","description":"Dentiste r\u00e9f\u00e9rent ? Paro Merchtem propose des traitements sp\u00e9cialis\u00e9s en parodontologie, implantologie et chirurgie mucogingivale, avec un suivi et un soutien clairs.","robots":{"index":"index","follow":"follow","max-snippet":"max-snippet:-1","max-image-preview":"max-image-preview:large","max-video-preview":"max-video-preview:-1"},"canonical":"https:\/\/paromerchtem.be\/fr\/contact\/reference\/","og_locale":"fr_FR","og_type":"article","og_title":"R\u00e9f\u00e9rence dentiste \u2013 Paro Merchtem Soins sp\u00e9cialis\u00e9s","og_description":"Dentiste r\u00e9f\u00e9rent ? Paro Merchtem propose des traitements sp\u00e9cialis\u00e9s en parodontologie, implantologie et chirurgie mucogingivale, avec un suivi et un soutien clairs.","og_url":"https:\/\/paromerchtem.be\/fr\/contact\/reference\/","og_site_name":"Praktijk voor Parodontologie Merchtem","article_modified_time":"2026-04-08T13:59:27+00:00","og_image":[{"width":1708,"height":2560,"url":"https:\/\/paromerchtem.be\/wp-content\/uploads\/2026\/02\/X7A6461-scaled.webp","type":"image\/webp"}],"twitter_card":"summary_large_image","twitter_misc":{"Dur\u00e9e de lecture estim\u00e9e":"1 minute"},"schema":{"@context":"https:\/\/schema.org","@graph":[{"@type":"WebPage","@id":"https:\/\/paromerchtem.be\/fr\/contact\/reference\/","url":"https:\/\/paromerchtem.be\/fr\/contact\/reference\/","name":"R\u00e9f\u00e9rence dentiste \u2013 Paro Merchtem Soins sp\u00e9cialis\u00e9s","isPartOf":{"@id":"https:\/\/paromerchtem.be\/fr\/#website"},"primaryImageOfPage":{"@id":"https:\/\/paromerchtem.be\/fr\/contact\/reference\/#primaryimage"},"image":{"@id":"https:\/\/paromerchtem.be\/fr\/contact\/reference\/#primaryimage"},"thumbnailUrl":"https:\/\/paromerchtem.be\/wp-content\/uploads\/2026\/02\/X7A6461-scaled.webp","datePublished":"2026-02-02T13:45:35+00:00","dateModified":"2026-04-08T13:59:27+00:00","description":"Dentiste r\u00e9f\u00e9rent ? Paro Merchtem propose des traitements sp\u00e9cialis\u00e9s en parodontologie, implantologie et chirurgie mucogingivale, avec un suivi et un soutien clairs.","breadcrumb":{"@id":"https:\/\/paromerchtem.be\/fr\/contact\/reference\/#breadcrumb"},"inLanguage":"fr-FR","potentialAction":[{"@type":"ReadAction","target":["https:\/\/paromerchtem.be\/fr\/contact\/reference\/"]}]},{"@type":"ImageObject","inLanguage":"fr-FR","@id":"https:\/\/paromerchtem.be\/fr\/contact\/reference\/#primaryimage","url":"https:\/\/paromerchtem.be\/wp-content\/uploads\/2026\/02\/X7A6461-scaled.webp","contentUrl":"https:\/\/paromerchtem.be\/wp-content\/uploads\/2026\/02\/X7A6461-scaled.webp","width":1708,"height":2560,"caption":"Consultation avec le dentiste r\u00e9f\u00e9rent concernant les soins sp\u00e9cialis\u00e9s"},{"@type":"BreadcrumbList","@id":"https:\/\/paromerchtem.be\/fr\/contact\/reference\/#breadcrumb","itemListElement":[{"@type":"ListItem","position":1,"name":"Home","item":"https:\/\/paromerchtem.be\/fr\/"},{"@type":"ListItem","position":2,"name":"Contact","item":"https:\/\/paromerchtem.be\/fr\/contact\/"},{"@type":"ListItem","position":3,"name":"R\u00e9f\u00e9rence"}]},{"@type":"WebSite","@id":"https:\/\/paromerchtem.be\/fr\/#website","url":"https:\/\/paromerchtem.be\/fr\/","name":"Praktijk voor Parodontologie Merchtem","description":"","publisher":{"@id":"https:\/\/paromerchtem.be\/fr\/#organization"},"potentialAction":[{"@type":"SearchAction","target":{"@type":"EntryPoint","urlTemplate":"https:\/\/paromerchtem.be\/fr\/?s={search_term_string}"},"query-input":{"@type":"PropertyValueSpecification","valueRequired":true,"valueName":"search_term_string"}}],"inLanguage":"fr-FR"},{"@type":"Organization","@id":"https:\/\/paromerchtem.be\/fr\/#organization","name":"Praktijk voor Parodontologie Merchtem","url":"https:\/\/paromerchtem.be\/fr\/","logo":{"@type":"ImageObject","inLanguage":"fr-FR","@id":"https:\/\/paromerchtem.be\/fr\/#\/schema\/logo\/image\/","url":"https:\/\/paromerchtem.be\/wp-content\/uploads\/2022\/07\/Group-5.svg","contentUrl":"https:\/\/paromerchtem.be\/wp-content\/uploads\/2022\/07\/Group-5.svg","width":309,"height":519,"caption":"Praktijk voor Parodontologie Merchtem"},"image":{"@id":"https:\/\/paromerchtem.be\/fr\/#\/schema\/logo\/image\/"}}]}},"_links":{"self":[{"href":"https:\/\/paromerchtem.be\/fr\/wp-json\/wp\/v2\/pages\/1553","targetHints":{"allow":["GET"]}}],"collection":[{"href":"https:\/\/paromerchtem.be\/fr\/wp-json\/wp\/v2\/pages"}],"about":[{"href":"https:\/\/paromerchtem.be\/fr\/wp-json\/wp\/v2\/types\/page"}],"author":[{"embeddable":true,"href":"https:\/\/paromerchtem.be\/fr\/wp-json\/wp\/v2\/users\/4"}],"replies":[{"embeddable":true,"href":"https:\/\/paromerchtem.be\/fr\/wp-json\/wp\/v2\/comments?post=1553"}],"version-history":[{"count":1,"href":"https:\/\/paromerchtem.be\/fr\/wp-json\/wp\/v2\/pages\/1553\/revisions"}],"predecessor-version":[{"id":1556,"href":"https:\/\/paromerchtem.be\/fr\/wp-json\/wp\/v2\/pages\/1553\/revisions\/1556"}],"up":[{"embeddable":true,"href":"https:\/\/paromerchtem.be\/fr\/wp-json\/wp\/v2\/pages\/1417"}],"wp:featuredmedia":[{"embeddable":true,"href":"https:\/\/paromerchtem.be\/fr\/wp-json\/wp\/v2\/media\/1555"}],"wp:attachment":[{"href":"https:\/\/paromerchtem.be\/fr\/wp-json\/wp\/v2\/media?parent=1553"}],"curies":[{"name":"wp","href":"https:\/\/api.w.org\/{rel}","templated":true}]}}