{"id":1532,"date":"2026-02-02T14:46:01","date_gmt":"2026-02-02T13:46:01","guid":{"rendered":"https:\/\/paromerchtem.be\/contact\/offres-demploi\/"},"modified":"2026-04-08T15:58:44","modified_gmt":"2026-04-08T13:58:44","slug":"offres-demploi","status":"publish","type":"page","link":"https:\/\/paromerchtem.be\/fr\/contact\/offres-demploi\/","title":{"rendered":"Offres d\u2019emploi"},"content":{"rendered":"\t\t<div data-elementor-type=\"wp-page\" data-elementor-id=\"1532\" class=\"elementor elementor-1532 elementor-338\" data-elementor-post-type=\"page\">\n\t\t\t\t<div class=\"elementor-element elementor-element-e5159e6 e-con-full e-flex e-con e-parent\" data-id=\"e5159e6\" data-element_type=\"container\" data-e-type=\"container\">\n\t\t<div class=\"elementor-element elementor-element-a68909b e-con-full e-flex e-con e-child\" data-id=\"a68909b\" data-element_type=\"container\" data-e-type=\"container\">\n\t\t<div class=\"elementor-element elementor-element-13b056a e-con-full e-flex e-con e-child\" data-id=\"13b056a\" data-element_type=\"container\" data-e-type=\"container\">\n\t\t\t\t<div class=\"elementor-element elementor-element-62e6eda elementor-widget elementor-widget-heading\" data-id=\"62e6eda\" data-element_type=\"widget\" data-e-type=\"widget\" data-widget_type=\"heading.default\">\n\t\t\t\t<div class=\"elementor-widget-container\">\n\t\t\t\t\t<h1 class=\"elementor-heading-title elementor-size-default\">D\u00e9couvrez nos <b>offres d\u2019emploi<\/b><\/h1>\t\t\t\t<\/div>\n\t\t\t\t<\/div>\n\t\t\t\t<div class=\"elementor-element elementor-element-ae93b9b elementor-align-right elementor-mobile-align-left elementor-widget elementor-widget-button\" data-id=\"ae93b9b\" data-element_type=\"widget\" data-e-type=\"widget\" data-widget_type=\"button.default\">\n\t\t\t\t<div class=\"elementor-widget-container\">\n\t\t\t\t\t\t\t\t\t<div class=\"elementor-button-wrapper\">\n\t\t\t\t\t<a class=\"elementor-button elementor-button-link elementor-size-sm\" href=\"#vacatures\">\n\t\t\t\t\t\t<span class=\"elementor-button-content-wrapper\">\n\t\t\t\t\t\t<span class=\"elementor-button-icon\">\n\t\t\t\t<i aria-hidden=\"true\" class=\"fas fa-arrow-down\"><\/i>\t\t\t<\/span>\n\t\t\t\t\t\t\t\t<\/span>\n\t\t\t\t\t<\/a>\n\t\t\t\t<\/div>\n\t\t\t\t\t\t\t\t<\/div>\n\t\t\t\t<\/div>\n\t\t\t\t<\/div>\n\t\t\t\t<\/div>\n\t\t<div class=\"elementor-element elementor-element-6656975 e-con-full e-flex e-con e-child\" data-id=\"6656975\" data-element_type=\"container\" data-e-type=\"container\">\n\t\t\t\t<div class=\"elementor-element elementor-element-4128231 elementor-widget elementor-widget-image\" data-id=\"4128231\" data-element_type=\"widget\" data-e-type=\"widget\" data-widget_type=\"image.default\">\n\t\t\t\t<div class=\"elementor-widget-container\">\n\t\t\t\t\t\t\t\t\t\t\t\t\t\t\t<img fetchpriority=\"high\" decoding=\"async\" width=\"1707\" height=\"2560\" src=\"https:\/\/paromerchtem.be\/wp-content\/uploads\/2026\/02\/X7A5951-scaled.webp\" class=\"attachment-full size-full wp-image-1534\" alt=\"\" srcset=\"https:\/\/paromerchtem.be\/wp-content\/uploads\/2026\/02\/X7A5951-scaled.webp 1707w, https:\/\/paromerchtem.be\/wp-content\/uploads\/2026\/02\/X7A5951-200x300.webp 200w, https:\/\/paromerchtem.be\/wp-content\/uploads\/2026\/02\/X7A5951-683x1024.webp 683w, https:\/\/paromerchtem.be\/wp-content\/uploads\/2026\/02\/X7A5951-768x1151.webp 768w, https:\/\/paromerchtem.be\/wp-content\/uploads\/2026\/02\/X7A5951-1024x1536.webp 1024w, https:\/\/paromerchtem.be\/wp-content\/uploads\/2026\/02\/X7A5951-1366x2048.webp 1366w\" sizes=\"(max-width: 1707px) 100vw, 1707px\" \/>\t\t\t\t\t\t\t\t\t\t\t\t\t\t\t<\/div>\n\t\t\t\t<\/div>\n\t\t\t\t<\/div>\n\t\t\t\t<\/div>\n\t\t<div class=\"elementor-element elementor-element-3ba6eb7 e-flex e-con-boxed e-con e-parent\" data-id=\"3ba6eb7\" data-element_type=\"container\" data-e-type=\"container\" id=\"vacatures\">\n\t\t\t\t\t<div class=\"e-con-inner\">\n\t\t<div class=\"elementor-element elementor-element-9b4d637 e-con-full e-flex e-con e-child\" data-id=\"9b4d637\" data-element_type=\"container\" data-e-type=\"container\">\n\t\t\t\t<div class=\"elementor-element elementor-element-e507868 elementor-widget elementor-widget-image\" data-id=\"e507868\" data-element_type=\"widget\" data-e-type=\"widget\" data-widget_type=\"image.default\">\n\t\t\t\t<div class=\"elementor-widget-container\">\n\t\t\t\t\t\t\t\t\t\t\t\t\t\t\t<img decoding=\"async\" width=\"1687\" height=\"2529\" src=\"https:\/\/paromerchtem.be\/wp-content\/uploads\/2026\/02\/X7A5846.webp\" class=\"attachment-full size-full wp-image-1536\" alt=\"\" srcset=\"https:\/\/paromerchtem.be\/wp-content\/uploads\/2026\/02\/X7A5846.webp 1687w, https:\/\/paromerchtem.be\/wp-content\/uploads\/2026\/02\/X7A5846-200x300.webp 200w, https:\/\/paromerchtem.be\/wp-content\/uploads\/2026\/02\/X7A5846-683x1024.webp 683w, https:\/\/paromerchtem.be\/wp-content\/uploads\/2026\/02\/X7A5846-768x1151.webp 768w, https:\/\/paromerchtem.be\/wp-content\/uploads\/2026\/02\/X7A5846-1025x1536.webp 1025w, https:\/\/paromerchtem.be\/wp-content\/uploads\/2026\/02\/X7A5846-1366x2048.webp 1366w\" sizes=\"(max-width: 1687px) 100vw, 1687px\" \/>\t\t\t\t\t\t\t\t\t\t\t\t\t\t\t<\/div>\n\t\t\t\t<\/div>\n\t\t\t\t<\/div>\n\t\t<div class=\"elementor-element elementor-element-e3ade73 e-con-full e-flex e-con e-child\" data-id=\"e3ade73\" data-element_type=\"container\" data-e-type=\"container\">\n\t\t\t\t<div class=\"elementor-element elementor-element-24d50a4 elementor-widget elementor-widget-heading\" data-id=\"24d50a4\" data-element_type=\"widget\" data-e-type=\"widget\" data-widget_type=\"heading.default\">\n\t\t\t\t<div class=\"elementor-widget-container\">\n\t\t\t\t\t<h2 class=\"elementor-heading-title elementor-size-default\">Offres d\u2019emploi<\/h2>\t\t\t\t<\/div>\n\t\t\t\t<\/div>\n\t\t\t\t<div class=\"elementor-element elementor-element-eae6085 info-text elementor-widget elementor-widget-text-editor\" data-id=\"eae6085\" data-element_type=\"widget\" data-e-type=\"widget\" data-widget_type=\"text-editor.default\">\n\t\t\t\t<div class=\"elementor-widget-container\">\n\t\t\t\t\t\t\t\t\t<p class=\"p1\">Notre cabinet est toujours \u00e0 la recherche de professionnels talentueux et motiv\u00e9s pour <b>renforcer notre \u00e9quipe<\/b>. Vous recherchez une carri\u00e8re stimulante dans la <\/p><p class=\"p1\">m\u00e9decine dentaire ? Consultez nos offres d\u2019emploi d\u00e8s aujourd\u2019hui. Nous offrons un environnement de travail moderne o\u00f9 l\u2019innovation et la qualit\u00e9 sont des priorit\u00e9s absolues. Nous recevrons avec plaisir votre manifestation d\u2019int\u00e9r\u00eat sans engagement !   <\/p>\t\t\t\t\t\t\t\t<\/div>\n\t\t\t\t<\/div>\n\t\t<div class=\"elementor-element elementor-element-48da050 e-con-full e-flex e-con e-child\" data-id=\"48da050\" data-element_type=\"container\" data-e-type=\"container\">\n\t\t\t\t<div class=\"elementor-element elementor-element-d1442ce elementor-align-left elementor-mobile-align-justify elementor-hidden-desktop elementor-hidden-tablet elementor-hidden-mobile elementor-widget elementor-widget-button\" data-id=\"d1442ce\" data-element_type=\"widget\" data-e-type=\"widget\" data-widget_type=\"button.default\">\n\t\t\t\t<div class=\"elementor-widget-container\">\n\t\t\t\t\t\t\t\t\t<div class=\"elementor-button-wrapper\">\n\t\t\t\t\t<a class=\"elementor-button elementor-button-link elementor-size-sm\" href=\"#\">\n\t\t\t\t\t\t<span class=\"elementor-button-content-wrapper\">\n\t\t\t\t\t\t<span class=\"elementor-button-icon\">\n\t\t\t\t<i aria-hidden=\"true\" class=\"fas fa-download\"><\/i>\t\t\t<\/span>\n\t\t\t\t\t\t\t\t\t<span class=\"elementor-button-text\">Hygi\u00e9niste dentaire<\/span>\n\t\t\t\t\t<\/span>\n\t\t\t\t\t<\/a>\n\t\t\t\t<\/div>\n\t\t\t\t\t\t\t\t<\/div>\n\t\t\t\t<\/div>\n\t\t\t\t<div class=\"elementor-element elementor-element-916b341 elementor-align-left elementor-mobile-align-justify elementor-hidden-desktop elementor-hidden-tablet elementor-hidden-mobile elementor-widget elementor-widget-button\" data-id=\"916b341\" data-element_type=\"widget\" data-e-type=\"widget\" data-widget_type=\"button.default\">\n\t\t\t\t<div class=\"elementor-widget-container\">\n\t\t\t\t\t\t\t\t\t<div class=\"elementor-button-wrapper\">\n\t\t\t\t\t<a class=\"elementor-button elementor-button-link elementor-size-sm\" href=\"#\">\n\t\t\t\t\t\t<span class=\"elementor-button-content-wrapper\">\n\t\t\t\t\t\t<span class=\"elementor-button-icon\">\n\t\t\t\t<i aria-hidden=\"true\" class=\"fas fa-download\"><\/i>\t\t\t<\/span>\n\t\t\t\t\t\t\t\t\t<span class=\"elementor-button-text\">Assistant(e) dentaire<\/span>\n\t\t\t\t\t<\/span>\n\t\t\t\t\t<\/a>\n\t\t\t\t<\/div>\n\t\t\t\t\t\t\t\t<\/div>\n\t\t\t\t<\/div>\n\t\t\t\t<\/div>\n\t\t\t\t<\/div>\n\t\t\t\t\t<\/div>\n\t\t\t\t<\/div>\n\t\t<div class=\"elementor-element elementor-element-6c29076 e-con-full e-flex e-con e-parent\" data-id=\"6c29076\" data-element_type=\"container\" data-e-type=\"container\">\n\t\t<div class=\"elementor-element elementor-element-f454646 e-con-full e-flex e-con e-child\" data-id=\"f454646\" data-element_type=\"container\" data-e-type=\"container\">\n\t\t\t\t<div class=\"elementor-element elementor-element-875e36e elementor-widget elementor-widget-image\" data-id=\"875e36e\" data-element_type=\"widget\" data-e-type=\"widget\" data-widget_type=\"image.default\">\n\t\t\t\t<div class=\"elementor-widget-container\">\n\t\t\t\t\t\t\t\t\t\t\t\t\t\t\t<img decoding=\"async\" width=\"1080\" height=\"1619\" src=\"https:\/\/paromerchtem.be\/wp-content\/uploads\/2026\/02\/X7A5935.webp\" class=\"attachment-full size-full wp-image-1384\" alt=\"\" srcset=\"https:\/\/paromerchtem.be\/wp-content\/uploads\/2026\/02\/X7A5935.webp 1080w, https:\/\/paromerchtem.be\/wp-content\/uploads\/2026\/02\/X7A5935-200x300.webp 200w, https:\/\/paromerchtem.be\/wp-content\/uploads\/2026\/02\/X7A5935-683x1024.webp 683w, https:\/\/paromerchtem.be\/wp-content\/uploads\/2026\/02\/X7A5935-768x1151.webp 768w, https:\/\/paromerchtem.be\/wp-content\/uploads\/2026\/02\/X7A5935-1025x1536.webp 1025w\" sizes=\"(max-width: 1080px) 100vw, 1080px\" \/>\t\t\t\t\t\t\t\t\t\t\t\t\t\t\t<\/div>\n\t\t\t\t<\/div>\n\t\t\t\t<\/div>\n\t\t<div class=\"elementor-element elementor-element-31fb6d5 e-con-full e-flex e-con e-child\" data-id=\"31fb6d5\" data-element_type=\"container\" data-e-type=\"container\">\n\t\t\t\t<div class=\"elementor-element elementor-element-9217021 elementor-widget elementor-widget-image\" data-id=\"9217021\" data-element_type=\"widget\" data-e-type=\"widget\" data-widget_type=\"image.default\">\n\t\t\t\t<div class=\"elementor-widget-container\">\n\t\t\t\t\t\t\t\t\t\t\t\t\t\t\t<img loading=\"lazy\" decoding=\"async\" width=\"1853\" height=\"1236\" src=\"https:\/\/paromerchtem.be\/wp-content\/uploads\/2026\/02\/X7A6552.webp\" class=\"attachment-full size-full wp-image-1537\" alt=\"\" srcset=\"https:\/\/paromerchtem.be\/wp-content\/uploads\/2026\/02\/X7A6552.webp 1853w, https:\/\/paromerchtem.be\/wp-content\/uploads\/2026\/02\/X7A6552-300x200.webp 300w, https:\/\/paromerchtem.be\/wp-content\/uploads\/2026\/02\/X7A6552-1024x683.webp 1024w, https:\/\/paromerchtem.be\/wp-content\/uploads\/2026\/02\/X7A6552-768x512.webp 768w, https:\/\/paromerchtem.be\/wp-content\/uploads\/2026\/02\/X7A6552-1536x1025.webp 1536w\" sizes=\"(max-width: 1853px) 100vw, 1853px\" \/>\t\t\t\t\t\t\t\t\t\t\t\t\t\t\t<\/div>\n\t\t\t\t<\/div>\n\t\t\t\t<\/div>\n\t\t\t\t<\/div>\n\t\t\t\t<\/div>\n\t\t","protected":false},"excerpt":{"rendered":"<p>D\u00e9couvrez nos offres d\u2019emploi Offres d\u2019emploi Notre cabinet est toujours \u00e0 la recherche de professionnels talentueux et motiv\u00e9s pour renforcer notre \u00e9quipe. Vous recherchez une carri\u00e8re stimulante dans la m\u00e9decine dentaire ? Consultez nos offres d\u2019emploi d\u00e8s aujourd\u2019hui. Nous offrons un environnement de travail moderne o\u00f9 l\u2019innovation et la qualit\u00e9 sont des priorit\u00e9s absolues. Nous [&hellip;]<\/p>\n","protected":false},"author":4,"featured_media":1534,"parent":1417,"menu_order":0,"comment_status":"closed","ping_status":"closed","template":"","meta":{"footnotes":""},"class_list":["post-1532","page","type-page","status-publish","has-post-thumbnail","hentry"],"yoast_head":"<!-- This site is optimized with the Yoast SEO plugin v27.3 - https:\/\/yoast.com\/product\/yoast-seo-wordpress\/ -->\n<title>Offres d\u2019emploi Parodontologie &amp; Implantologie Merchtem<\/title>\n<meta name=\"description\" content=\"Rejoignez notre \u00e9quipe \u00e0 Merchtem et travaillez dans un cabinet sp\u00e9cialis\u00e9 en parodontologie, implantologie et chirurgie mucogingivale.\" \/>\n<meta name=\"robots\" content=\"index, follow, max-snippet:-1, max-image-preview:large, max-video-preview:-1\" \/>\n<link rel=\"canonical\" href=\"https:\/\/paromerchtem.be\/fr\/contact\/offres-demploi\/\" \/>\n<meta property=\"og:locale\" content=\"fr_FR\" \/>\n<meta property=\"og:type\" content=\"article\" \/>\n<meta property=\"og:title\" content=\"Offres d\u2019emploi Parodontologie &amp; Implantologie Merchtem\" \/>\n<meta property=\"og:description\" content=\"Rejoignez notre \u00e9quipe \u00e0 Merchtem et travaillez dans un cabinet sp\u00e9cialis\u00e9 en parodontologie, implantologie et chirurgie mucogingivale.\" \/>\n<meta property=\"og:url\" content=\"https:\/\/paromerchtem.be\/fr\/contact\/offres-demploi\/\" \/>\n<meta property=\"og:site_name\" content=\"Praktijk voor Parodontologie Merchtem\" \/>\n<meta property=\"article:modified_time\" content=\"2026-04-08T13:58:44+00:00\" \/>\n<meta property=\"og:image\" content=\"https:\/\/paromerchtem.be\/wp-content\/uploads\/2026\/02\/X7A5951-scaled.webp\" \/>\n\t<meta property=\"og:image:width\" content=\"1707\" \/>\n\t<meta property=\"og:image:height\" content=\"2560\" \/>\n\t<meta property=\"og:image:type\" content=\"image\/webp\" \/>\n<meta name=\"twitter:card\" content=\"summary_large_image\" \/>\n<script type=\"application\/ld+json\" class=\"yoast-schema-graph\">{\"@context\":\"https:\\\/\\\/schema.org\",\"@graph\":[{\"@type\":\"WebPage\",\"@id\":\"https:\\\/\\\/paromerchtem.be\\\/fr\\\/contact\\\/offres-demploi\\\/\",\"url\":\"https:\\\/\\\/paromerchtem.be\\\/fr\\\/contact\\\/offres-demploi\\\/\",\"name\":\"Offres d\u2019emploi Parodontologie & Implantologie Merchtem\",\"isPartOf\":{\"@id\":\"https:\\\/\\\/paromerchtem.be\\\/fr\\\/#website\"},\"primaryImageOfPage\":{\"@id\":\"https:\\\/\\\/paromerchtem.be\\\/fr\\\/contact\\\/offres-demploi\\\/#primaryimage\"},\"image\":{\"@id\":\"https:\\\/\\\/paromerchtem.be\\\/fr\\\/contact\\\/offres-demploi\\\/#primaryimage\"},\"thumbnailUrl\":\"https:\\\/\\\/paromerchtem.be\\\/wp-content\\\/uploads\\\/2026\\\/02\\\/X7A5951-scaled.webp\",\"datePublished\":\"2026-02-02T13:46:01+00:00\",\"dateModified\":\"2026-04-08T13:58:44+00:00\",\"description\":\"Rejoignez notre \u00e9quipe \u00e0 Merchtem et travaillez dans un cabinet sp\u00e9cialis\u00e9 en parodontologie, implantologie et chirurgie mucogingivale.\",\"breadcrumb\":{\"@id\":\"https:\\\/\\\/paromerchtem.be\\\/fr\\\/contact\\\/offres-demploi\\\/#breadcrumb\"},\"inLanguage\":\"fr-FR\",\"potentialAction\":[{\"@type\":\"ReadAction\",\"target\":[\"https:\\\/\\\/paromerchtem.be\\\/fr\\\/contact\\\/offres-demploi\\\/\"]}]},{\"@type\":\"ImageObject\",\"inLanguage\":\"fr-FR\",\"@id\":\"https:\\\/\\\/paromerchtem.be\\\/fr\\\/contact\\\/offres-demploi\\\/#primaryimage\",\"url\":\"https:\\\/\\\/paromerchtem.be\\\/wp-content\\\/uploads\\\/2026\\\/02\\\/X7A5951-scaled.webp\",\"contentUrl\":\"https:\\\/\\\/paromerchtem.be\\\/wp-content\\\/uploads\\\/2026\\\/02\\\/X7A5951-scaled.webp\",\"width\":1707,\"height\":2560},{\"@type\":\"BreadcrumbList\",\"@id\":\"https:\\\/\\\/paromerchtem.be\\\/fr\\\/contact\\\/offres-demploi\\\/#breadcrumb\",\"itemListElement\":[{\"@type\":\"ListItem\",\"position\":1,\"name\":\"Home\",\"item\":\"https:\\\/\\\/paromerchtem.be\\\/fr\\\/\"},{\"@type\":\"ListItem\",\"position\":2,\"name\":\"Contact\",\"item\":\"https:\\\/\\\/paromerchtem.be\\\/fr\\\/contact\\\/\"},{\"@type\":\"ListItem\",\"position\":3,\"name\":\"Offres d\u2019emploi\"}]},{\"@type\":\"WebSite\",\"@id\":\"https:\\\/\\\/paromerchtem.be\\\/fr\\\/#website\",\"url\":\"https:\\\/\\\/paromerchtem.be\\\/fr\\\/\",\"name\":\"Praktijk voor Parodontologie Merchtem\",\"description\":\"\",\"publisher\":{\"@id\":\"https:\\\/\\\/paromerchtem.be\\\/fr\\\/#organization\"},\"potentialAction\":[{\"@type\":\"SearchAction\",\"target\":{\"@type\":\"EntryPoint\",\"urlTemplate\":\"https:\\\/\\\/paromerchtem.be\\\/fr\\\/?s={search_term_string}\"},\"query-input\":{\"@type\":\"PropertyValueSpecification\",\"valueRequired\":true,\"valueName\":\"search_term_string\"}}],\"inLanguage\":\"fr-FR\"},{\"@type\":\"Organization\",\"@id\":\"https:\\\/\\\/paromerchtem.be\\\/fr\\\/#organization\",\"name\":\"Praktijk voor Parodontologie Merchtem\",\"url\":\"https:\\\/\\\/paromerchtem.be\\\/fr\\\/\",\"logo\":{\"@type\":\"ImageObject\",\"inLanguage\":\"fr-FR\",\"@id\":\"https:\\\/\\\/paromerchtem.be\\\/fr\\\/#\\\/schema\\\/logo\\\/image\\\/\",\"url\":\"https:\\\/\\\/paromerchtem.be\\\/wp-content\\\/uploads\\\/2022\\\/07\\\/Group-5.svg\",\"contentUrl\":\"https:\\\/\\\/paromerchtem.be\\\/wp-content\\\/uploads\\\/2022\\\/07\\\/Group-5.svg\",\"width\":309,\"height\":519,\"caption\":\"Praktijk voor Parodontologie Merchtem\"},\"image\":{\"@id\":\"https:\\\/\\\/paromerchtem.be\\\/fr\\\/#\\\/schema\\\/logo\\\/image\\\/\"}}]}<\/script>\n<!-- \/ Yoast SEO plugin. -->","yoast_head_json":{"title":"Offres d\u2019emploi Parodontologie & Implantologie Merchtem","description":"Rejoignez notre \u00e9quipe \u00e0 Merchtem et travaillez dans un cabinet sp\u00e9cialis\u00e9 en parodontologie, implantologie et chirurgie mucogingivale.","robots":{"index":"index","follow":"follow","max-snippet":"max-snippet:-1","max-image-preview":"max-image-preview:large","max-video-preview":"max-video-preview:-1"},"canonical":"https:\/\/paromerchtem.be\/fr\/contact\/offres-demploi\/","og_locale":"fr_FR","og_type":"article","og_title":"Offres d\u2019emploi Parodontologie & Implantologie Merchtem","og_description":"Rejoignez notre \u00e9quipe \u00e0 Merchtem et travaillez dans un cabinet sp\u00e9cialis\u00e9 en parodontologie, implantologie et chirurgie mucogingivale.","og_url":"https:\/\/paromerchtem.be\/fr\/contact\/offres-demploi\/","og_site_name":"Praktijk voor Parodontologie Merchtem","article_modified_time":"2026-04-08T13:58:44+00:00","og_image":[{"width":1707,"height":2560,"url":"https:\/\/paromerchtem.be\/wp-content\/uploads\/2026\/02\/X7A5951-scaled.webp","type":"image\/webp"}],"twitter_card":"summary_large_image","schema":{"@context":"https:\/\/schema.org","@graph":[{"@type":"WebPage","@id":"https:\/\/paromerchtem.be\/fr\/contact\/offres-demploi\/","url":"https:\/\/paromerchtem.be\/fr\/contact\/offres-demploi\/","name":"Offres d\u2019emploi Parodontologie & Implantologie Merchtem","isPartOf":{"@id":"https:\/\/paromerchtem.be\/fr\/#website"},"primaryImageOfPage":{"@id":"https:\/\/paromerchtem.be\/fr\/contact\/offres-demploi\/#primaryimage"},"image":{"@id":"https:\/\/paromerchtem.be\/fr\/contact\/offres-demploi\/#primaryimage"},"thumbnailUrl":"https:\/\/paromerchtem.be\/wp-content\/uploads\/2026\/02\/X7A5951-scaled.webp","datePublished":"2026-02-02T13:46:01+00:00","dateModified":"2026-04-08T13:58:44+00:00","description":"Rejoignez notre \u00e9quipe \u00e0 Merchtem et travaillez dans un cabinet sp\u00e9cialis\u00e9 en parodontologie, implantologie et chirurgie mucogingivale.","breadcrumb":{"@id":"https:\/\/paromerchtem.be\/fr\/contact\/offres-demploi\/#breadcrumb"},"inLanguage":"fr-FR","potentialAction":[{"@type":"ReadAction","target":["https:\/\/paromerchtem.be\/fr\/contact\/offres-demploi\/"]}]},{"@type":"ImageObject","inLanguage":"fr-FR","@id":"https:\/\/paromerchtem.be\/fr\/contact\/offres-demploi\/#primaryimage","url":"https:\/\/paromerchtem.be\/wp-content\/uploads\/2026\/02\/X7A5951-scaled.webp","contentUrl":"https:\/\/paromerchtem.be\/wp-content\/uploads\/2026\/02\/X7A5951-scaled.webp","width":1707,"height":2560},{"@type":"BreadcrumbList","@id":"https:\/\/paromerchtem.be\/fr\/contact\/offres-demploi\/#breadcrumb","itemListElement":[{"@type":"ListItem","position":1,"name":"Home","item":"https:\/\/paromerchtem.be\/fr\/"},{"@type":"ListItem","position":2,"name":"Contact","item":"https:\/\/paromerchtem.be\/fr\/contact\/"},{"@type":"ListItem","position":3,"name":"Offres d\u2019emploi"}]},{"@type":"WebSite","@id":"https:\/\/paromerchtem.be\/fr\/#website","url":"https:\/\/paromerchtem.be\/fr\/","name":"Praktijk voor Parodontologie Merchtem","description":"","publisher":{"@id":"https:\/\/paromerchtem.be\/fr\/#organization"},"potentialAction":[{"@type":"SearchAction","target":{"@type":"EntryPoint","urlTemplate":"https:\/\/paromerchtem.be\/fr\/?s={search_term_string}"},"query-input":{"@type":"PropertyValueSpecification","valueRequired":true,"valueName":"search_term_string"}}],"inLanguage":"fr-FR"},{"@type":"Organization","@id":"https:\/\/paromerchtem.be\/fr\/#organization","name":"Praktijk voor Parodontologie Merchtem","url":"https:\/\/paromerchtem.be\/fr\/","logo":{"@type":"ImageObject","inLanguage":"fr-FR","@id":"https:\/\/paromerchtem.be\/fr\/#\/schema\/logo\/image\/","url":"https:\/\/paromerchtem.be\/wp-content\/uploads\/2022\/07\/Group-5.svg","contentUrl":"https:\/\/paromerchtem.be\/wp-content\/uploads\/2022\/07\/Group-5.svg","width":309,"height":519,"caption":"Praktijk voor Parodontologie Merchtem"},"image":{"@id":"https:\/\/paromerchtem.be\/fr\/#\/schema\/logo\/image\/"}}]}},"_links":{"self":[{"href":"https:\/\/paromerchtem.be\/fr\/wp-json\/wp\/v2\/pages\/1532","targetHints":{"allow":["GET"]}}],"collection":[{"href":"https:\/\/paromerchtem.be\/fr\/wp-json\/wp\/v2\/pages"}],"about":[{"href":"https:\/\/paromerchtem.be\/fr\/wp-json\/wp\/v2\/types\/page"}],"author":[{"embeddable":true,"href":"https:\/\/paromerchtem.be\/fr\/wp-json\/wp\/v2\/users\/4"}],"replies":[{"embeddable":true,"href":"https:\/\/paromerchtem.be\/fr\/wp-json\/wp\/v2\/comments?post=1532"}],"version-history":[{"count":1,"href":"https:\/\/paromerchtem.be\/fr\/wp-json\/wp\/v2\/pages\/1532\/revisions"}],"predecessor-version":[{"id":1538,"href":"https:\/\/paromerchtem.be\/fr\/wp-json\/wp\/v2\/pages\/1532\/revisions\/1538"}],"up":[{"embeddable":true,"href":"https:\/\/paromerchtem.be\/fr\/wp-json\/wp\/v2\/pages\/1417"}],"wp:featuredmedia":[{"embeddable":true,"href":"https:\/\/paromerchtem.be\/fr\/wp-json\/wp\/v2\/media\/1534"}],"wp:attachment":[{"href":"https:\/\/paromerchtem.be\/fr\/wp-json\/wp\/v2\/media?parent=1532"}],"curies":[{"name":"wp","href":"https:\/\/api.w.org\/{rel}","templated":true}]}}