{"id":1453,"date":"2020-01-06T15:50:32","date_gmt":"2020-01-06T14:50:32","guid":{"rendered":"https:\/\/paromerchtem.be\/confidentialite\/"},"modified":"2026-04-08T15:56:38","modified_gmt":"2026-04-08T13:56:38","slug":"confidentialite","status":"publish","type":"page","link":"https:\/\/paromerchtem.be\/fr\/confidentialite\/","title":{"rendered":"Confidentialit\u00e9"},"content":{"rendered":"\t\t<div data-elementor-type=\"wp-page\" data-elementor-id=\"1453\" class=\"elementor elementor-1453 elementor-62\" data-elementor-post-type=\"page\">\n\t\t\t\t<div class=\"elementor-element elementor-element-5eafa4c e-flex e-con-boxed e-con e-parent\" data-id=\"5eafa4c\" data-element_type=\"container\" data-e-type=\"container\">\n\t\t\t\t\t<div class=\"e-con-inner\">\n\t\t\t\t<div class=\"elementor-element elementor-element-2b3dfce elementor-widget elementor-widget-heading\" data-id=\"2b3dfce\" data-element_type=\"widget\" data-e-type=\"widget\" data-widget_type=\"heading.default\">\n\t\t\t\t<div class=\"elementor-widget-container\">\n\t\t\t\t\t<h1 class=\"elementor-heading-title elementor-size-default\">Politique de confidentialit\u00e9<\/h1>\t\t\t\t<\/div>\n\t\t\t\t<\/div>\n\t\t\t\t<div class=\"elementor-element elementor-element-6bfa4c8 elementor-widget elementor-widget-text-editor\" data-id=\"6bfa4c8\" data-element_type=\"widget\" data-e-type=\"widget\" data-widget_type=\"text-editor.default\">\n\t\t\t\t<div class=\"elementor-widget-container\">\n\t\t\t\t\t\t\t\t\t<div class=\"wp-block-siteorigin-panels-layout-block\">\n<div id=\"pl-62\" class=\"panel-layout\">\n<div id=\"pg-62-0\" class=\"panel-grid panel-has-style\">\n<div class=\"rij1_privacy rij1 panel-row-style panel-row-style-for-62-0\">\n<div id=\"pgc-62-0-0\" class=\"panel-grid-cell\">\n<div id=\"panel-62-0-0-0\" class=\"so-panel widget widget_sow-editor panel-first-child panel-last-child\" data-index=\"0\">\n<div class=\"so-widget-sow-editor so-widget-sow-editor-base\">\n<div class=\"siteorigin-widget-tinymce textwidget\">\n<p data-start=\"73\" data-end=\"459\"><strong data-start=\"73\" data-end=\"90\">Paro Merchtem<\/strong>, dont le si\u00e8ge social est situ\u00e9 \u00e0 <strong data-start=\"130\" data-end=\"166\">Langensteenweg 55, 1785 Merchtem<\/strong>, s\u2019engage \u00e0 respecter et \u00e0 appliquer scrupuleusement la l\u00e9gislation europ\u00e9enne sur la protection de la vie priv\u00e9e RGPD (R\u00e8glement G\u00e9n\u00e9ral sur la Protection des Donn\u00e9es)\u00b9 relative \u00e0 la protection des donn\u00e9es \u00e0 caract\u00e8re personnel. Cette r\u00e9glementation est en vigueur depuis le 25 mai 2018. Les donn\u00e9es \u00e0 caract\u00e8re personnel sont trait\u00e9es conform\u00e9ment \u00e0 cette l\u00e9gislation.  <\/p>\n<hr data-start=\"461\" data-end=\"464\">\n<h3 data-section-id=\"m1oqfs\" data-start=\"466\" data-end=\"484\">Votre consentement<\/h3>\n<p data-start=\"486\" data-end=\"1069\"><strong data-start=\"486\" data-end=\"503\">Paro Merchtem<\/strong> ne traite les donn\u00e9es \u00e0 caract\u00e8re personnel que pour r\u00e9pondre \u00e0 une obligation l\u00e9gale ou si celles-ci ont \u00e9t\u00e9 fournies pour l\u2019ex\u00e9cution d\u2019un contrat. Par cons\u00e9quent, vous donnez express\u00e9ment \u00e0 <strong data-start=\"672\" data-end=\"689\">Paro Merchtem<\/strong> l\u2019autorisation de traiter vos donn\u00e9es \u00e0 caract\u00e8re personnel aux fins pr\u00e9vues. Les donn\u00e9es \u00e0 caract\u00e8re personnel sont uniquement trait\u00e9es dans des environnements et des syst\u00e8mes s\u00e9curis\u00e9s. Ceux-ci ne sont pas accessibles au public. Tous nos employ\u00e9s re\u00e7oivent \u00e9galement des directives claires et sont sensibilis\u00e9s et inform\u00e9s concernant la manipulation et le traitement de vos donn\u00e9es personnelles.    <\/p>\n<hr data-start=\"1071\" data-end=\"1074\">\n<h3 data-section-id=\"awsdgt\" data-start=\"1076\" data-end=\"1116\">Utilisation de vos donn\u00e9es personnelles<\/h3>\n<p data-start=\"1118\" data-end=\"1152\"><strong data-start=\"1118\" data-end=\"1135\">Paro Merchtem<\/strong> garantit que :<\/p>\n<ul data-start=\"1154\" data-end=\"1984\">\n<li data-section-id=\"1f32r1u\" data-start=\"1154\" data-end=\"1319\">vos donn\u00e9es \u00e0 caract\u00e8re personnel sont uniquement collect\u00e9es et trait\u00e9es pour pouvoir ex\u00e9cuter la mission que vous avez demand\u00e9e ou pour satisfaire aux services l\u00e9gaux ;<\/li>\n<li data-section-id=\"99zx6t\" data-start=\"1320\" data-end=\"1407\">vos donn\u00e9es \u00e0 caract\u00e8re personnel sont uniquement trait\u00e9es dans un pays appartenant \u00e0 l\u2019Union europ\u00e9enne ;<\/li>\n<li data-section-id=\"vbu9d7\" data-start=\"1408\" data-end=\"1492\">le traitement de vos donn\u00e9es \u00e0 caract\u00e8re personnel reste limit\u00e9 \u00e0 l\u2019objectif vis\u00e9 ;<\/li>\n<li data-section-id=\"8m2gyw\" data-start=\"1493\" data-end=\"1640\">vos donn\u00e9es \u00e0 caract\u00e8re personnel ne sont conserv\u00e9es que pendant la p\u00e9riode de prestation de services, \u00e0 moins qu\u2019un d\u00e9lai de conservation l\u00e9gal plus long ne soit obligatoire ;<\/li>\n<li data-section-id=\"15ppxa5\" data-start=\"1641\" data-end=\"1845\">vos donn\u00e9es \u00e0 caract\u00e8re personnel ne peuvent \u00eatre transmises \u00e0 d\u2019autres organisations que pour r\u00e9pondre \u00e0 des obligations l\u00e9gales, ou \u00e0 la demande expresse des autorit\u00e9s judiciaires ou des services de police ;<\/li>\n<li data-section-id=\"1er2x9l\" data-start=\"1846\" data-end=\"1984\">en aucun autre cas vos donn\u00e9es \u00e0 caract\u00e8re personnel ne sont transmises \u00e0 des tiers, ni utilis\u00e9es \u00e0 des fins de marketing direct ;<\/li>\n<\/ul>\n<hr data-start=\"1986\" data-end=\"1989\">\n<h3 data-section-id=\"dgyno9\" data-start=\"1991\" data-end=\"2020\">Vos droits en tant que personne concern\u00e9e<\/h3>\n<p data-start=\"2022\" data-end=\"2471\">Vous avez toujours le droit (l\u00e9gal) de consulter vos donn\u00e9es \u00e0 caract\u00e8re personnel.<br data-start=\"2095\" data-end=\"2098\">Vous avez toujours le droit (l\u00e9gal) de compl\u00e9ter ou de corriger tout ou partie de vos donn\u00e9es \u00e0 caract\u00e8re personnel. Si <strong data-start=\"2220\" data-end=\"2237\">Paro Merchtem<\/strong> n\u2019a plus de raisons l\u00e9gales concernant la poursuite du traitement de vos donn\u00e9es, ou si vos donn\u00e9es ne sont plus n\u00e9cessaires pour la prestation de services pr\u00e9vue, vous avez alors le droit de faire supprimer vos donn\u00e9es \u00e0 caract\u00e8re personnel. <\/p>\n<hr data-start=\"2473\" data-end=\"2476\">\n<h3 data-section-id=\"y70gw1\" data-start=\"2478\" data-end=\"2531\">Questions concernant le traitement des donn\u00e9es \u00e0 caract\u00e8re personnel<\/h3>\n<p data-start=\"2533\" data-end=\"2912\">Les questions relatives au traitement de vos donn\u00e9es \u00e0 caract\u00e8re personnel ou les demandes concernant les donn\u00e9es que nous traitons pour vous peuvent \u00eatre adress\u00e9es au g\u00e9rant. Cela peut se faire par courrier adress\u00e9 \u00e0 <strong data-start=\"2706\" data-end=\"2757\">Paro Merchtem, Langensteenweg 55, 1785 Merchtem<\/strong>, ou en envoyant un e-mail \u00e0 <strong data-start=\"2799\" data-end=\"2823\"><a class=\"decorated-link cursor-pointer\" rel=\"noopener\" data-start=\"2801\" data-end=\"2821\">info@paromerchtem.be<\/a><\/strong>. Nous nous engageons \u00e0 r\u00e9pondre \u00e0 votre question ou demande dans les 20 jours ouvrables.  <\/p>\n<p data-start=\"2914\" data-end=\"3185\">Si vous estimez que vos donn\u00e9es sont trait\u00e9es de mani\u00e8re illicite, vous pouvez \u00e9galement toujours contacter la CPVP (Commission de la protection de la vie priv\u00e9e), \u00e9galement appel\u00e9e Commission Vie Priv\u00e9e, via l\u2019adresse e-mail <a class=\"decorated-link cursor-pointer\" rel=\"noopener\" data-start=\"3153\" data-end=\"3184\">commission@privacycommission.be<\/a>.<\/p>\n<\/div>\n<\/div>\n<\/div>\n<\/div>\n<\/div>\n<\/div>\n<\/div>\n<\/div>\n<p><\/p>\t\t\t\t\t\t\t\t<\/div>\n\t\t\t\t<\/div>\n\t\t\t\t\t<\/div>\n\t\t\t\t<\/div>\n\t\t\t\t<\/div>\n\t\t","protected":false},"excerpt":{"rendered":"<p>Politique de confidentialit\u00e9 Paro Merchtem, dont le si\u00e8ge social est situ\u00e9 \u00e0 Langensteenweg 55, 1785 Merchtem, s\u2019engage \u00e0 respecter et \u00e0 appliquer scrupuleusement la l\u00e9gislation europ\u00e9enne sur la protection de la vie priv\u00e9e RGPD (R\u00e8glement G\u00e9n\u00e9ral sur la Protection des Donn\u00e9es)\u00b9 relative \u00e0 la protection des donn\u00e9es \u00e0 caract\u00e8re personnel. Cette r\u00e9glementation est en vigueur [&hellip;]<\/p>\n","protected":false},"author":4,"featured_media":0,"parent":0,"menu_order":0,"comment_status":"closed","ping_status":"closed","template":"","meta":{"footnotes":""},"class_list":["post-1453","page","type-page","status-publish","hentry"],"yoast_head":"<!-- This site is optimized with the Yoast SEO plugin v27.3 - https:\/\/yoast.com\/product\/yoast-seo-wordpress\/ -->\n<title>Confidentialit\u00e9 - Praktijk voor Parodontologie Merchtem<\/title>\n<meta name=\"robots\" content=\"index, follow, max-snippet:-1, max-image-preview:large, max-video-preview:-1\" \/>\n<link rel=\"canonical\" href=\"https:\/\/paromerchtem.be\/fr\/confidentialite\/\" \/>\n<meta property=\"og:locale\" content=\"fr_FR\" \/>\n<meta property=\"og:type\" content=\"article\" \/>\n<meta property=\"og:title\" content=\"Confidentialit\u00e9 - Praktijk voor Parodontologie Merchtem\" \/>\n<meta property=\"og:description\" content=\"Politique de confidentialit\u00e9 Paro Merchtem, dont le si\u00e8ge social est situ\u00e9 \u00e0 Langensteenweg 55, 1785 Merchtem, s\u2019engage \u00e0 respecter et \u00e0 appliquer scrupuleusement la l\u00e9gislation europ\u00e9enne sur la protection de la vie priv\u00e9e RGPD (R\u00e8glement G\u00e9n\u00e9ral sur la Protection des Donn\u00e9es)\u00b9 relative \u00e0 la protection des donn\u00e9es \u00e0 caract\u00e8re personnel. Cette r\u00e9glementation est en vigueur [&hellip;]\" \/>\n<meta property=\"og:url\" content=\"https:\/\/paromerchtem.be\/fr\/confidentialite\/\" \/>\n<meta property=\"og:site_name\" content=\"Praktijk voor Parodontologie Merchtem\" \/>\n<meta property=\"article:modified_time\" content=\"2026-04-08T13:56:38+00:00\" \/>\n<meta name=\"twitter:card\" content=\"summary_large_image\" \/>\n<meta name=\"twitter:label1\" content=\"Dur\u00e9e de lecture estim\u00e9e\" \/>\n\t<meta name=\"twitter:data1\" content=\"3 minutes\" \/>\n<script type=\"application\/ld+json\" class=\"yoast-schema-graph\">{\"@context\":\"https:\\\/\\\/schema.org\",\"@graph\":[{\"@type\":\"WebPage\",\"@id\":\"https:\\\/\\\/paromerchtem.be\\\/fr\\\/confidentialite\\\/\",\"url\":\"https:\\\/\\\/paromerchtem.be\\\/fr\\\/confidentialite\\\/\",\"name\":\"Confidentialit\u00e9 - Praktijk voor Parodontologie Merchtem\",\"isPartOf\":{\"@id\":\"https:\\\/\\\/paromerchtem.be\\\/fr\\\/#website\"},\"datePublished\":\"2020-01-06T14:50:32+00:00\",\"dateModified\":\"2026-04-08T13:56:38+00:00\",\"breadcrumb\":{\"@id\":\"https:\\\/\\\/paromerchtem.be\\\/fr\\\/confidentialite\\\/#breadcrumb\"},\"inLanguage\":\"fr-FR\",\"potentialAction\":[{\"@type\":\"ReadAction\",\"target\":[\"https:\\\/\\\/paromerchtem.be\\\/fr\\\/confidentialite\\\/\"]}]},{\"@type\":\"BreadcrumbList\",\"@id\":\"https:\\\/\\\/paromerchtem.be\\\/fr\\\/confidentialite\\\/#breadcrumb\",\"itemListElement\":[{\"@type\":\"ListItem\",\"position\":1,\"name\":\"Home\",\"item\":\"https:\\\/\\\/paromerchtem.be\\\/fr\\\/\"},{\"@type\":\"ListItem\",\"position\":2,\"name\":\"Confidentialit\u00e9\"}]},{\"@type\":\"WebSite\",\"@id\":\"https:\\\/\\\/paromerchtem.be\\\/fr\\\/#website\",\"url\":\"https:\\\/\\\/paromerchtem.be\\\/fr\\\/\",\"name\":\"Praktijk voor Parodontologie Merchtem\",\"description\":\"\",\"publisher\":{\"@id\":\"https:\\\/\\\/paromerchtem.be\\\/fr\\\/#organization\"},\"potentialAction\":[{\"@type\":\"SearchAction\",\"target\":{\"@type\":\"EntryPoint\",\"urlTemplate\":\"https:\\\/\\\/paromerchtem.be\\\/fr\\\/?s={search_term_string}\"},\"query-input\":{\"@type\":\"PropertyValueSpecification\",\"valueRequired\":true,\"valueName\":\"search_term_string\"}}],\"inLanguage\":\"fr-FR\"},{\"@type\":\"Organization\",\"@id\":\"https:\\\/\\\/paromerchtem.be\\\/fr\\\/#organization\",\"name\":\"Praktijk voor Parodontologie Merchtem\",\"url\":\"https:\\\/\\\/paromerchtem.be\\\/fr\\\/\",\"logo\":{\"@type\":\"ImageObject\",\"inLanguage\":\"fr-FR\",\"@id\":\"https:\\\/\\\/paromerchtem.be\\\/fr\\\/#\\\/schema\\\/logo\\\/image\\\/\",\"url\":\"https:\\\/\\\/paromerchtem.be\\\/wp-content\\\/uploads\\\/2022\\\/07\\\/Group-5.svg\",\"contentUrl\":\"https:\\\/\\\/paromerchtem.be\\\/wp-content\\\/uploads\\\/2022\\\/07\\\/Group-5.svg\",\"width\":309,\"height\":519,\"caption\":\"Praktijk voor Parodontologie Merchtem\"},\"image\":{\"@id\":\"https:\\\/\\\/paromerchtem.be\\\/fr\\\/#\\\/schema\\\/logo\\\/image\\\/\"}}]}<\/script>\n<!-- \/ Yoast SEO plugin. -->","yoast_head_json":{"title":"Confidentialit\u00e9 - Praktijk voor Parodontologie Merchtem","robots":{"index":"index","follow":"follow","max-snippet":"max-snippet:-1","max-image-preview":"max-image-preview:large","max-video-preview":"max-video-preview:-1"},"canonical":"https:\/\/paromerchtem.be\/fr\/confidentialite\/","og_locale":"fr_FR","og_type":"article","og_title":"Confidentialit\u00e9 - Praktijk voor Parodontologie Merchtem","og_description":"Politique de confidentialit\u00e9 Paro Merchtem, dont le si\u00e8ge social est situ\u00e9 \u00e0 Langensteenweg 55, 1785 Merchtem, s\u2019engage \u00e0 respecter et \u00e0 appliquer scrupuleusement la l\u00e9gislation europ\u00e9enne sur la protection de la vie priv\u00e9e RGPD (R\u00e8glement G\u00e9n\u00e9ral sur la Protection des Donn\u00e9es)\u00b9 relative \u00e0 la protection des donn\u00e9es \u00e0 caract\u00e8re personnel. Cette r\u00e9glementation est en vigueur [&hellip;]","og_url":"https:\/\/paromerchtem.be\/fr\/confidentialite\/","og_site_name":"Praktijk voor Parodontologie Merchtem","article_modified_time":"2026-04-08T13:56:38+00:00","twitter_card":"summary_large_image","twitter_misc":{"Dur\u00e9e de lecture estim\u00e9e":"3 minutes"},"schema":{"@context":"https:\/\/schema.org","@graph":[{"@type":"WebPage","@id":"https:\/\/paromerchtem.be\/fr\/confidentialite\/","url":"https:\/\/paromerchtem.be\/fr\/confidentialite\/","name":"Confidentialit\u00e9 - Praktijk voor Parodontologie Merchtem","isPartOf":{"@id":"https:\/\/paromerchtem.be\/fr\/#website"},"datePublished":"2020-01-06T14:50:32+00:00","dateModified":"2026-04-08T13:56:38+00:00","breadcrumb":{"@id":"https:\/\/paromerchtem.be\/fr\/confidentialite\/#breadcrumb"},"inLanguage":"fr-FR","potentialAction":[{"@type":"ReadAction","target":["https:\/\/paromerchtem.be\/fr\/confidentialite\/"]}]},{"@type":"BreadcrumbList","@id":"https:\/\/paromerchtem.be\/fr\/confidentialite\/#breadcrumb","itemListElement":[{"@type":"ListItem","position":1,"name":"Home","item":"https:\/\/paromerchtem.be\/fr\/"},{"@type":"ListItem","position":2,"name":"Confidentialit\u00e9"}]},{"@type":"WebSite","@id":"https:\/\/paromerchtem.be\/fr\/#website","url":"https:\/\/paromerchtem.be\/fr\/","name":"Praktijk voor Parodontologie Merchtem","description":"","publisher":{"@id":"https:\/\/paromerchtem.be\/fr\/#organization"},"potentialAction":[{"@type":"SearchAction","target":{"@type":"EntryPoint","urlTemplate":"https:\/\/paromerchtem.be\/fr\/?s={search_term_string}"},"query-input":{"@type":"PropertyValueSpecification","valueRequired":true,"valueName":"search_term_string"}}],"inLanguage":"fr-FR"},{"@type":"Organization","@id":"https:\/\/paromerchtem.be\/fr\/#organization","name":"Praktijk voor Parodontologie Merchtem","url":"https:\/\/paromerchtem.be\/fr\/","logo":{"@type":"ImageObject","inLanguage":"fr-FR","@id":"https:\/\/paromerchtem.be\/fr\/#\/schema\/logo\/image\/","url":"https:\/\/paromerchtem.be\/wp-content\/uploads\/2022\/07\/Group-5.svg","contentUrl":"https:\/\/paromerchtem.be\/wp-content\/uploads\/2022\/07\/Group-5.svg","width":309,"height":519,"caption":"Praktijk voor Parodontologie Merchtem"},"image":{"@id":"https:\/\/paromerchtem.be\/fr\/#\/schema\/logo\/image\/"}}]}},"_links":{"self":[{"href":"https:\/\/paromerchtem.be\/fr\/wp-json\/wp\/v2\/pages\/1453","targetHints":{"allow":["GET"]}}],"collection":[{"href":"https:\/\/paromerchtem.be\/fr\/wp-json\/wp\/v2\/pages"}],"about":[{"href":"https:\/\/paromerchtem.be\/fr\/wp-json\/wp\/v2\/types\/page"}],"author":[{"embeddable":true,"href":"https:\/\/paromerchtem.be\/fr\/wp-json\/wp\/v2\/users\/4"}],"replies":[{"embeddable":true,"href":"https:\/\/paromerchtem.be\/fr\/wp-json\/wp\/v2\/comments?post=1453"}],"version-history":[{"count":1,"href":"https:\/\/paromerchtem.be\/fr\/wp-json\/wp\/v2\/pages\/1453\/revisions"}],"predecessor-version":[{"id":1454,"href":"https:\/\/paromerchtem.be\/fr\/wp-json\/wp\/v2\/pages\/1453\/revisions\/1454"}],"wp:attachment":[{"href":"https:\/\/paromerchtem.be\/fr\/wp-json\/wp\/v2\/media?parent=1453"}],"curies":[{"name":"wp","href":"https:\/\/api.w.org\/{rel}","templated":true}]}}