{"id":1401,"date":"2026-02-02T14:43:30","date_gmt":"2026-02-02T13:43:30","guid":{"rendered":"https:\/\/paromerchtem.be\/equipe\/"},"modified":"2026-04-03T09:37:13","modified_gmt":"2026-04-03T07:37:13","slug":"equipe","status":"publish","type":"page","link":"https:\/\/paromerchtem.be\/fr\/equipe\/","title":{"rendered":"\u00c9quipe"},"content":{"rendered":"\t\t<div data-elementor-type=\"wp-page\" data-elementor-id=\"1401\" class=\"elementor elementor-1401 elementor-332\" data-elementor-post-type=\"page\">\n\t\t\t\t<div class=\"elementor-element elementor-element-7200a0f e-con-full e-flex e-con e-parent\" data-id=\"7200a0f\" data-element_type=\"container\" data-e-type=\"container\">\n\t\t<div class=\"elementor-element elementor-element-658bd96 e-con-full e-flex e-con e-child\" data-id=\"658bd96\" data-element_type=\"container\" data-e-type=\"container\">\n\t\t<div class=\"elementor-element elementor-element-db74799 e-con-full e-flex e-con e-child\" data-id=\"db74799\" data-element_type=\"container\" data-e-type=\"container\">\n\t\t\t\t<div class=\"elementor-element elementor-element-ec710ca elementor-widget elementor-widget-heading\" data-id=\"ec710ca\" data-element_type=\"widget\" data-e-type=\"widget\" data-widget_type=\"heading.default\">\n\t\t\t\t<div class=\"elementor-widget-container\">\n\t\t\t\t\t<h1 class=\"elementor-heading-title elementor-size-default\">Faites connaissance avec <b>notre \u00e9quipe<\/b><\/h1>\t\t\t\t<\/div>\n\t\t\t\t<\/div>\n\t\t\t\t<div class=\"elementor-element elementor-element-7019168 elementor-align-right elementor-mobile-align-left elementor-widget elementor-widget-button\" data-id=\"7019168\" data-element_type=\"widget\" data-e-type=\"widget\" data-widget_type=\"button.default\">\n\t\t\t\t<div class=\"elementor-widget-container\">\n\t\t\t\t\t\t\t\t\t<div class=\"elementor-button-wrapper\">\n\t\t\t\t\t<a class=\"elementor-button elementor-button-link elementor-size-sm\" href=\"https:\/\/paromerchtem.be\/fr\/contact\/\">\n\t\t\t\t\t\t<span class=\"elementor-button-content-wrapper\">\n\t\t\t\t\t\t\t\t\t<span class=\"elementor-button-text\">Contact<\/span>\n\t\t\t\t\t<\/span>\n\t\t\t\t\t<\/a>\n\t\t\t\t<\/div>\n\t\t\t\t\t\t\t\t<\/div>\n\t\t\t\t<\/div>\n\t\t\t\t<\/div>\n\t\t\t\t<\/div>\n\t\t<div class=\"elementor-element elementor-element-1b987d0 e-con-full e-flex e-con e-child\" data-id=\"1b987d0\" data-element_type=\"container\" data-e-type=\"container\">\n\t\t\t\t<div class=\"elementor-element elementor-element-e948d10 elementor-widget elementor-widget-image\" data-id=\"e948d10\" data-element_type=\"widget\" data-e-type=\"widget\" data-widget_type=\"image.default\">\n\t\t\t\t<div class=\"elementor-widget-container\">\n\t\t\t\t\t\t\t\t\t\t\t\t\t\t\t<img fetchpriority=\"high\" decoding=\"async\" width=\"1707\" height=\"2560\" src=\"https:\/\/paromerchtem.be\/wp-content\/uploads\/2026\/02\/X7A5714-2-scaled.webp\" class=\"attachment-full size-full wp-image-1402\" alt=\"Team van Paro Merchtem gespecialiseerd in parodontologie en implantologie\" srcset=\"https:\/\/paromerchtem.be\/wp-content\/uploads\/2026\/02\/X7A5714-2-scaled.webp 1707w, https:\/\/paromerchtem.be\/wp-content\/uploads\/2026\/02\/X7A5714-2-200x300.webp 200w, https:\/\/paromerchtem.be\/wp-content\/uploads\/2026\/02\/X7A5714-2-683x1024.webp 683w, https:\/\/paromerchtem.be\/wp-content\/uploads\/2026\/02\/X7A5714-2-768x1152.webp 768w, https:\/\/paromerchtem.be\/wp-content\/uploads\/2026\/02\/X7A5714-2-1024x1536.webp 1024w, https:\/\/paromerchtem.be\/wp-content\/uploads\/2026\/02\/X7A5714-2-1365x2048.webp 1365w\" sizes=\"(max-width: 1707px) 100vw, 1707px\" \/>\t\t\t\t\t\t\t\t\t\t\t\t\t\t\t<\/div>\n\t\t\t\t<\/div>\n\t\t\t\t<\/div>\n\t\t\t\t<\/div>\n\t\t<div class=\"elementor-element elementor-element-b810762 e-flex e-con-boxed e-con e-parent\" data-id=\"b810762\" data-element_type=\"container\" data-e-type=\"container\">\n\t\t\t\t\t<div class=\"e-con-inner\">\n\t\t\t\t<div class=\"elementor-element elementor-element-bc8a125 elementor-widget elementor-widget-heading\" data-id=\"bc8a125\" data-element_type=\"widget\" data-e-type=\"widget\" data-widget_type=\"heading.default\">\n\t\t\t\t<div class=\"elementor-widget-container\">\n\t\t\t\t\t<h2 class=\"elementor-heading-title elementor-size-default\">Praticiens<\/h2>\t\t\t\t<\/div>\n\t\t\t\t<\/div>\n\t\t<div class=\"elementor-element elementor-element-aed2150 e-grid e-con-full e-con e-child\" data-id=\"aed2150\" data-element_type=\"container\" data-e-type=\"container\">\n\t\t<div class=\"elementor-element elementor-element-5319e8c e-con-full e-flex e-con e-child\" data-id=\"5319e8c\" data-element_type=\"container\" data-e-type=\"container\" data-settings=\"{&quot;background_background&quot;:&quot;classic&quot;}\">\n\t\t<div class=\"elementor-element elementor-element-5d78745 e-con-full team-info e-flex e-con e-child\" data-id=\"5d78745\" data-element_type=\"container\" data-e-type=\"container\">\n\t\t\t\t<div class=\"elementor-element elementor-element-07dd7a1 elementor-widget elementor-widget-heading\" data-id=\"07dd7a1\" data-element_type=\"widget\" data-e-type=\"widget\" data-widget_type=\"heading.default\">\n\t\t\t\t<div class=\"elementor-widget-container\">\n\t\t\t\t\t<h3 class=\"elementor-heading-title elementor-size-default\">Greet De Mars<\/h3>\t\t\t\t<\/div>\n\t\t\t\t<\/div>\n\t\t\t\t<div class=\"elementor-element elementor-element-63d25c1 elementor-widget elementor-widget-heading\" data-id=\"63d25c1\" data-element_type=\"widget\" data-e-type=\"widget\" data-widget_type=\"heading.default\">\n\t\t\t\t<div class=\"elementor-widget-container\">\n\t\t\t\t\t<span class=\"elementor-heading-title elementor-size-default\">Parodontologue<\/span>\t\t\t\t<\/div>\n\t\t\t\t<\/div>\n\t\t\t\t<div class=\"elementor-element elementor-element-eec2e81 info-text elementor-widget elementor-widget-text-editor\" data-id=\"eec2e81\" data-element_type=\"widget\" data-e-type=\"widget\" data-widget_type=\"text-editor.default\">\n\t\t\t\t<div class=\"elementor-widget-container\">\n\t\t\t\t\t\t\t\t\t<p class=\"p1\">KU Leuven, sp\u00e9cialiste en parodontologie \u2013 implantologie<\/p>\t\t\t\t\t\t\t\t<\/div>\n\t\t\t\t<\/div>\n\t\t\t\t<\/div>\n\t\t\t\t<\/div>\n\t\t<div class=\"elementor-element elementor-element-9b6a6f2 e-con-full e-flex e-con e-child\" data-id=\"9b6a6f2\" data-element_type=\"container\" data-e-type=\"container\" data-settings=\"{&quot;background_background&quot;:&quot;classic&quot;}\">\n\t\t<div class=\"elementor-element elementor-element-550e194 e-con-full team-info e-flex e-con e-child\" data-id=\"550e194\" data-element_type=\"container\" data-e-type=\"container\">\n\t\t\t\t<div class=\"elementor-element elementor-element-a627f0d elementor-widget elementor-widget-heading\" data-id=\"a627f0d\" data-element_type=\"widget\" data-e-type=\"widget\" data-widget_type=\"heading.default\">\n\t\t\t\t<div class=\"elementor-widget-container\">\n\t\t\t\t\t<h3 class=\"elementor-heading-title elementor-size-default\">Alexander De Greef<\/h3>\t\t\t\t<\/div>\n\t\t\t\t<\/div>\n\t\t\t\t<div class=\"elementor-element elementor-element-b4c7228 elementor-widget elementor-widget-heading\" data-id=\"b4c7228\" data-element_type=\"widget\" data-e-type=\"widget\" data-widget_type=\"heading.default\">\n\t\t\t\t<div class=\"elementor-widget-container\">\n\t\t\t\t\t<span class=\"elementor-heading-title elementor-size-default\">Parodontologue<\/span>\t\t\t\t<\/div>\n\t\t\t\t<\/div>\n\t\t\t\t<div class=\"elementor-element elementor-element-67706ce info-text elementor-widget elementor-widget-text-editor\" data-id=\"67706ce\" data-element_type=\"widget\" data-e-type=\"widget\" data-widget_type=\"text-editor.default\">\n\t\t\t\t<div class=\"elementor-widget-container\">\n\t\t\t\t\t\t\t\t\t<p class=\"p1\">KU Leuven, sp\u00e9cialiste en parodontologie \u2013 implantologie (certifi\u00e9 EFP)<\/p>\t\t\t\t\t\t\t\t<\/div>\n\t\t\t\t<\/div>\n\t\t\t\t<\/div>\n\t\t\t\t<\/div>\n\t\t<div class=\"elementor-element elementor-element-44f6ad3 e-con-full e-flex e-con e-child\" data-id=\"44f6ad3\" data-element_type=\"container\" data-e-type=\"container\" data-settings=\"{&quot;background_background&quot;:&quot;classic&quot;}\">\n\t\t<div class=\"elementor-element elementor-element-4264cf7 e-con-full team-info e-flex e-con e-child\" data-id=\"4264cf7\" data-element_type=\"container\" data-e-type=\"container\">\n\t\t\t\t<div class=\"elementor-element elementor-element-3a924e7 elementor-widget elementor-widget-heading\" data-id=\"3a924e7\" data-element_type=\"widget\" data-e-type=\"widget\" data-widget_type=\"heading.default\">\n\t\t\t\t<div class=\"elementor-widget-container\">\n\t\t\t\t\t<h3 class=\"elementor-heading-title elementor-size-default\">Pieter-Jan Germonpr\u00e9<\/h3>\t\t\t\t<\/div>\n\t\t\t\t<\/div>\n\t\t\t\t<div class=\"elementor-element elementor-element-f2991d1 elementor-widget elementor-widget-heading\" data-id=\"f2991d1\" data-element_type=\"widget\" data-e-type=\"widget\" data-widget_type=\"heading.default\">\n\t\t\t\t<div class=\"elementor-widget-container\">\n\t\t\t\t\t<span class=\"elementor-heading-title elementor-size-default\">Parodontologue<\/span>\t\t\t\t<\/div>\n\t\t\t\t<\/div>\n\t\t\t\t<div class=\"elementor-element elementor-element-8f088e8 info-text elementor-widget elementor-widget-text-editor\" data-id=\"8f088e8\" data-element_type=\"widget\" data-e-type=\"widget\" data-widget_type=\"text-editor.default\">\n\t\t\t\t<div class=\"elementor-widget-container\">\n\t\t\t\t\t\t\t\t\t<p class=\"p1\">KU Leuven, sp\u00e9cialiste en parodontologie \u2013 implantologie (certifi\u00e9 EFP)<\/p>\t\t\t\t\t\t\t\t<\/div>\n\t\t\t\t<\/div>\n\t\t\t\t<\/div>\n\t\t\t\t<\/div>\n\t\t\t\t<\/div>\n\t\t\t\t\t<\/div>\n\t\t\t\t<\/div>\n\t\t<div class=\"elementor-element elementor-element-0cf24c0 e-flex e-con-boxed e-con e-parent\" data-id=\"0cf24c0\" data-element_type=\"container\" data-e-type=\"container\">\n\t\t\t\t\t<div class=\"e-con-inner\">\n\t\t\t\t<div class=\"elementor-element elementor-element-4b8621d elementor-widget elementor-widget-heading\" data-id=\"4b8621d\" data-element_type=\"widget\" data-e-type=\"widget\" data-widget_type=\"heading.default\">\n\t\t\t\t<div class=\"elementor-widget-container\">\n\t\t\t\t\t<h2 class=\"elementor-heading-title elementor-size-default\">Assistants<\/h2>\t\t\t\t<\/div>\n\t\t\t\t<\/div>\n\t\t<div class=\"elementor-element elementor-element-e6489d4 e-grid e-con-full e-con e-child\" data-id=\"e6489d4\" data-element_type=\"container\" data-e-type=\"container\">\n\t\t<div class=\"elementor-element elementor-element-6094971 e-con-full e-flex e-con e-child\" data-id=\"6094971\" data-element_type=\"container\" data-e-type=\"container\" data-settings=\"{&quot;background_background&quot;:&quot;classic&quot;}\">\n\t\t<div class=\"elementor-element elementor-element-e0c8c52 e-con-full team-info e-flex e-con e-child\" data-id=\"e0c8c52\" data-element_type=\"container\" data-e-type=\"container\">\n\t\t\t\t<div class=\"elementor-element elementor-element-c595888 elementor-widget elementor-widget-heading\" data-id=\"c595888\" data-element_type=\"widget\" data-e-type=\"widget\" data-widget_type=\"heading.default\">\n\t\t\t\t<div class=\"elementor-widget-container\">\n\t\t\t\t\t<h3 class=\"elementor-heading-title elementor-size-default\">Lauren Hermans<\/h3>\t\t\t\t<\/div>\n\t\t\t\t<\/div>\n\t\t\t\t<div class=\"elementor-element elementor-element-0deb0c5 elementor-widget elementor-widget-heading\" data-id=\"0deb0c5\" data-element_type=\"widget\" data-e-type=\"widget\" data-widget_type=\"heading.default\">\n\t\t\t\t<div class=\"elementor-widget-container\">\n\t\t\t\t\t<span class=\"elementor-heading-title elementor-size-default\">Assistante<\/span>\t\t\t\t<\/div>\n\t\t\t\t<\/div>\n\t\t\t\t<\/div>\n\t\t\t\t<\/div>\n\t\t<div class=\"elementor-element elementor-element-20ae6a2 e-con-full e-flex e-con e-child\" data-id=\"20ae6a2\" data-element_type=\"container\" data-e-type=\"container\" data-settings=\"{&quot;background_background&quot;:&quot;classic&quot;}\">\n\t\t<div class=\"elementor-element elementor-element-d3b57cc e-con-full team-info e-flex e-con e-child\" data-id=\"d3b57cc\" data-element_type=\"container\" data-e-type=\"container\">\n\t\t\t\t<div class=\"elementor-element elementor-element-6daa393 elementor-widget elementor-widget-heading\" data-id=\"6daa393\" data-element_type=\"widget\" data-e-type=\"widget\" data-widget_type=\"heading.default\">\n\t\t\t\t<div class=\"elementor-widget-container\">\n\t\t\t\t\t<h3 class=\"elementor-heading-title elementor-size-default\">Cindy Coeck<\/h3>\t\t\t\t<\/div>\n\t\t\t\t<\/div>\n\t\t\t\t<div class=\"elementor-element elementor-element-1e5af74 elementor-widget elementor-widget-heading\" data-id=\"1e5af74\" data-element_type=\"widget\" data-e-type=\"widget\" data-widget_type=\"heading.default\">\n\t\t\t\t<div class=\"elementor-widget-container\">\n\t\t\t\t\t<span class=\"elementor-heading-title elementor-size-default\">Assistante<\/span>\t\t\t\t<\/div>\n\t\t\t\t<\/div>\n\t\t\t\t<\/div>\n\t\t\t\t<\/div>\n\t\t<div class=\"elementor-element elementor-element-273350b e-con-full e-flex e-con e-child\" data-id=\"273350b\" data-element_type=\"container\" data-e-type=\"container\" data-settings=\"{&quot;background_background&quot;:&quot;classic&quot;}\">\n\t\t<div class=\"elementor-element elementor-element-c3e69d0 e-con-full team-info e-flex e-con e-child\" data-id=\"c3e69d0\" data-element_type=\"container\" data-e-type=\"container\">\n\t\t\t\t<div class=\"elementor-element elementor-element-9befe2f elementor-widget elementor-widget-heading\" data-id=\"9befe2f\" data-element_type=\"widget\" data-e-type=\"widget\" data-widget_type=\"heading.default\">\n\t\t\t\t<div class=\"elementor-widget-container\">\n\t\t\t\t\t<h3 class=\"elementor-heading-title elementor-size-default\">Sonia Van Riet<\/h3>\t\t\t\t<\/div>\n\t\t\t\t<\/div>\n\t\t\t\t<div class=\"elementor-element elementor-element-a5655bf elementor-widget elementor-widget-heading\" data-id=\"a5655bf\" data-element_type=\"widget\" data-e-type=\"widget\" data-widget_type=\"heading.default\">\n\t\t\t\t<div class=\"elementor-widget-container\">\n\t\t\t\t\t<span class=\"elementor-heading-title elementor-size-default\">Assistante<\/span>\t\t\t\t<\/div>\n\t\t\t\t<\/div>\n\t\t\t\t<\/div>\n\t\t\t\t<\/div>\n\t\t\t\t<\/div>\n\t\t\t\t\t<\/div>\n\t\t\t\t<\/div>\n\t\t<div class=\"elementor-element elementor-element-23df280 e-flex e-con-boxed e-con e-parent\" data-id=\"23df280\" data-element_type=\"container\" data-e-type=\"container\">\n\t\t\t\t\t<div class=\"e-con-inner\">\n\t\t\t\t<div class=\"elementor-element elementor-element-f45d482 elementor-widget__width-initial elementor-widget elementor-widget-heading\" data-id=\"f45d482\" data-element_type=\"widget\" data-e-type=\"widget\" data-widget_type=\"heading.default\">\n\t\t\t\t<div class=\"elementor-widget-container\">\n\t\t\t\t\t<h2 class=\"elementor-heading-title elementor-size-default\">Nous croyons en l\u2019humain et nous nous y investissons avec conviction<\/h2>\t\t\t\t<\/div>\n\t\t\t\t<\/div>\n\t\t\t\t\t<\/div>\n\t\t\t\t<\/div>\n\t\t\t\t<\/div>\n\t\t","protected":false},"excerpt":{"rendered":"<p>Faites connaissance avec notre \u00e9quipe Contact Praticiens Greet De Mars Parodontologue KU Leuven, sp\u00e9cialiste en parodontologie \u2013 implantologie Alexander De Greef Parodontologue KU Leuven, sp\u00e9cialiste en parodontologie \u2013 implantologie (certifi\u00e9 EFP) Pieter-Jan Germonpr\u00e9 Parodontologue KU Leuven, sp\u00e9cialiste en parodontologie \u2013 implantologie (certifi\u00e9 EFP) Assistants Lauren Hermans Assistante Cindy Coeck Assistante Sonia Van Riet Assistante Nous [&hellip;]<\/p>\n","protected":false},"author":4,"featured_media":0,"parent":0,"menu_order":0,"comment_status":"closed","ping_status":"closed","template":"","meta":{"footnotes":""},"class_list":["post-1401","page","type-page","status-publish","hentry"],"yoast_head":"<!-- This site is optimized with the Yoast SEO plugin v27.3 - https:\/\/yoast.com\/product\/yoast-seo-wordpress\/ -->\n<title>\u00c9quipe - Praktijk voor Parodontologie Merchtem<\/title>\n<meta name=\"robots\" content=\"index, follow, max-snippet:-1, max-image-preview:large, max-video-preview:-1\" \/>\n<link rel=\"canonical\" href=\"https:\/\/paromerchtem.be\/fr\/equipe\/\" \/>\n<meta property=\"og:locale\" content=\"fr_FR\" \/>\n<meta property=\"og:type\" content=\"article\" \/>\n<meta property=\"og:title\" content=\"\u00c9quipe - Praktijk voor Parodontologie Merchtem\" \/>\n<meta property=\"og:description\" content=\"Faites connaissance avec notre \u00e9quipe Contact Praticiens Greet De Mars Parodontologue KU Leuven, sp\u00e9cialiste en parodontologie \u2013 implantologie Alexander De Greef Parodontologue KU Leuven, sp\u00e9cialiste en parodontologie \u2013 implantologie (certifi\u00e9 EFP) Pieter-Jan Germonpr\u00e9 Parodontologue KU Leuven, sp\u00e9cialiste en parodontologie \u2013 implantologie (certifi\u00e9 EFP) Assistants Lauren Hermans Assistante Cindy Coeck Assistante Sonia Van Riet Assistante Nous [&hellip;]\" \/>\n<meta property=\"og:url\" content=\"https:\/\/paromerchtem.be\/fr\/equipe\/\" \/>\n<meta property=\"og:site_name\" content=\"Praktijk voor Parodontologie Merchtem\" \/>\n<meta property=\"article:modified_time\" content=\"2026-04-03T07:37:13+00:00\" \/>\n<meta property=\"og:image\" content=\"https:\/\/paromerchtem.be\/wp-content\/uploads\/2026\/02\/X7A5714-2-scaled.webp\" \/>\n<meta name=\"twitter:card\" content=\"summary_large_image\" \/>\n<script type=\"application\/ld+json\" class=\"yoast-schema-graph\">{\"@context\":\"https:\\\/\\\/schema.org\",\"@graph\":[{\"@type\":\"WebPage\",\"@id\":\"https:\\\/\\\/paromerchtem.be\\\/fr\\\/equipe\\\/\",\"url\":\"https:\\\/\\\/paromerchtem.be\\\/fr\\\/equipe\\\/\",\"name\":\"\u00c9quipe - Praktijk voor Parodontologie Merchtem\",\"isPartOf\":{\"@id\":\"https:\\\/\\\/paromerchtem.be\\\/fr\\\/#website\"},\"primaryImageOfPage\":{\"@id\":\"https:\\\/\\\/paromerchtem.be\\\/fr\\\/equipe\\\/#primaryimage\"},\"image\":{\"@id\":\"https:\\\/\\\/paromerchtem.be\\\/fr\\\/equipe\\\/#primaryimage\"},\"thumbnailUrl\":\"https:\\\/\\\/paromerchtem.be\\\/wp-content\\\/uploads\\\/2026\\\/02\\\/X7A5714-2-scaled.webp\",\"datePublished\":\"2026-02-02T13:43:30+00:00\",\"dateModified\":\"2026-04-03T07:37:13+00:00\",\"breadcrumb\":{\"@id\":\"https:\\\/\\\/paromerchtem.be\\\/fr\\\/equipe\\\/#breadcrumb\"},\"inLanguage\":\"fr-FR\",\"potentialAction\":[{\"@type\":\"ReadAction\",\"target\":[\"https:\\\/\\\/paromerchtem.be\\\/fr\\\/equipe\\\/\"]}]},{\"@type\":\"ImageObject\",\"inLanguage\":\"fr-FR\",\"@id\":\"https:\\\/\\\/paromerchtem.be\\\/fr\\\/equipe\\\/#primaryimage\",\"url\":\"https:\\\/\\\/paromerchtem.be\\\/wp-content\\\/uploads\\\/2026\\\/02\\\/X7A5714-2-scaled.webp\",\"contentUrl\":\"https:\\\/\\\/paromerchtem.be\\\/wp-content\\\/uploads\\\/2026\\\/02\\\/X7A5714-2-scaled.webp\"},{\"@type\":\"BreadcrumbList\",\"@id\":\"https:\\\/\\\/paromerchtem.be\\\/fr\\\/equipe\\\/#breadcrumb\",\"itemListElement\":[{\"@type\":\"ListItem\",\"position\":1,\"name\":\"Home\",\"item\":\"https:\\\/\\\/paromerchtem.be\\\/fr\\\/\"},{\"@type\":\"ListItem\",\"position\":2,\"name\":\"\u00c9quipe\"}]},{\"@type\":\"WebSite\",\"@id\":\"https:\\\/\\\/paromerchtem.be\\\/fr\\\/#website\",\"url\":\"https:\\\/\\\/paromerchtem.be\\\/fr\\\/\",\"name\":\"Praktijk voor Parodontologie Merchtem\",\"description\":\"\",\"publisher\":{\"@id\":\"https:\\\/\\\/paromerchtem.be\\\/fr\\\/#organization\"},\"potentialAction\":[{\"@type\":\"SearchAction\",\"target\":{\"@type\":\"EntryPoint\",\"urlTemplate\":\"https:\\\/\\\/paromerchtem.be\\\/fr\\\/?s={search_term_string}\"},\"query-input\":{\"@type\":\"PropertyValueSpecification\",\"valueRequired\":true,\"valueName\":\"search_term_string\"}}],\"inLanguage\":\"fr-FR\"},{\"@type\":\"Organization\",\"@id\":\"https:\\\/\\\/paromerchtem.be\\\/fr\\\/#organization\",\"name\":\"Praktijk voor Parodontologie Merchtem\",\"url\":\"https:\\\/\\\/paromerchtem.be\\\/fr\\\/\",\"logo\":{\"@type\":\"ImageObject\",\"inLanguage\":\"fr-FR\",\"@id\":\"https:\\\/\\\/paromerchtem.be\\\/fr\\\/#\\\/schema\\\/logo\\\/image\\\/\",\"url\":\"https:\\\/\\\/paromerchtem.be\\\/wp-content\\\/uploads\\\/2022\\\/07\\\/Group-5.svg\",\"contentUrl\":\"https:\\\/\\\/paromerchtem.be\\\/wp-content\\\/uploads\\\/2022\\\/07\\\/Group-5.svg\",\"width\":309,\"height\":519,\"caption\":\"Praktijk voor Parodontologie Merchtem\"},\"image\":{\"@id\":\"https:\\\/\\\/paromerchtem.be\\\/fr\\\/#\\\/schema\\\/logo\\\/image\\\/\"}}]}<\/script>\n<!-- \/ Yoast SEO plugin. -->","yoast_head_json":{"title":"\u00c9quipe - Praktijk voor Parodontologie Merchtem","robots":{"index":"index","follow":"follow","max-snippet":"max-snippet:-1","max-image-preview":"max-image-preview:large","max-video-preview":"max-video-preview:-1"},"canonical":"https:\/\/paromerchtem.be\/fr\/equipe\/","og_locale":"fr_FR","og_type":"article","og_title":"\u00c9quipe - Praktijk voor Parodontologie Merchtem","og_description":"Faites connaissance avec notre \u00e9quipe Contact Praticiens Greet De Mars Parodontologue KU Leuven, sp\u00e9cialiste en parodontologie \u2013 implantologie Alexander De Greef Parodontologue KU Leuven, sp\u00e9cialiste en parodontologie \u2013 implantologie (certifi\u00e9 EFP) Pieter-Jan Germonpr\u00e9 Parodontologue KU Leuven, sp\u00e9cialiste en parodontologie \u2013 implantologie (certifi\u00e9 EFP) Assistants Lauren Hermans Assistante Cindy Coeck Assistante Sonia Van Riet Assistante Nous [&hellip;]","og_url":"https:\/\/paromerchtem.be\/fr\/equipe\/","og_site_name":"Praktijk voor Parodontologie Merchtem","article_modified_time":"2026-04-03T07:37:13+00:00","og_image":[{"url":"https:\/\/paromerchtem.be\/wp-content\/uploads\/2026\/02\/X7A5714-2-scaled.webp","type":"","width":"","height":""}],"twitter_card":"summary_large_image","schema":{"@context":"https:\/\/schema.org","@graph":[{"@type":"WebPage","@id":"https:\/\/paromerchtem.be\/fr\/equipe\/","url":"https:\/\/paromerchtem.be\/fr\/equipe\/","name":"\u00c9quipe - Praktijk voor Parodontologie Merchtem","isPartOf":{"@id":"https:\/\/paromerchtem.be\/fr\/#website"},"primaryImageOfPage":{"@id":"https:\/\/paromerchtem.be\/fr\/equipe\/#primaryimage"},"image":{"@id":"https:\/\/paromerchtem.be\/fr\/equipe\/#primaryimage"},"thumbnailUrl":"https:\/\/paromerchtem.be\/wp-content\/uploads\/2026\/02\/X7A5714-2-scaled.webp","datePublished":"2026-02-02T13:43:30+00:00","dateModified":"2026-04-03T07:37:13+00:00","breadcrumb":{"@id":"https:\/\/paromerchtem.be\/fr\/equipe\/#breadcrumb"},"inLanguage":"fr-FR","potentialAction":[{"@type":"ReadAction","target":["https:\/\/paromerchtem.be\/fr\/equipe\/"]}]},{"@type":"ImageObject","inLanguage":"fr-FR","@id":"https:\/\/paromerchtem.be\/fr\/equipe\/#primaryimage","url":"https:\/\/paromerchtem.be\/wp-content\/uploads\/2026\/02\/X7A5714-2-scaled.webp","contentUrl":"https:\/\/paromerchtem.be\/wp-content\/uploads\/2026\/02\/X7A5714-2-scaled.webp"},{"@type":"BreadcrumbList","@id":"https:\/\/paromerchtem.be\/fr\/equipe\/#breadcrumb","itemListElement":[{"@type":"ListItem","position":1,"name":"Home","item":"https:\/\/paromerchtem.be\/fr\/"},{"@type":"ListItem","position":2,"name":"\u00c9quipe"}]},{"@type":"WebSite","@id":"https:\/\/paromerchtem.be\/fr\/#website","url":"https:\/\/paromerchtem.be\/fr\/","name":"Praktijk voor Parodontologie Merchtem","description":"","publisher":{"@id":"https:\/\/paromerchtem.be\/fr\/#organization"},"potentialAction":[{"@type":"SearchAction","target":{"@type":"EntryPoint","urlTemplate":"https:\/\/paromerchtem.be\/fr\/?s={search_term_string}"},"query-input":{"@type":"PropertyValueSpecification","valueRequired":true,"valueName":"search_term_string"}}],"inLanguage":"fr-FR"},{"@type":"Organization","@id":"https:\/\/paromerchtem.be\/fr\/#organization","name":"Praktijk voor Parodontologie Merchtem","url":"https:\/\/paromerchtem.be\/fr\/","logo":{"@type":"ImageObject","inLanguage":"fr-FR","@id":"https:\/\/paromerchtem.be\/fr\/#\/schema\/logo\/image\/","url":"https:\/\/paromerchtem.be\/wp-content\/uploads\/2022\/07\/Group-5.svg","contentUrl":"https:\/\/paromerchtem.be\/wp-content\/uploads\/2022\/07\/Group-5.svg","width":309,"height":519,"caption":"Praktijk voor Parodontologie Merchtem"},"image":{"@id":"https:\/\/paromerchtem.be\/fr\/#\/schema\/logo\/image\/"}}]}},"_links":{"self":[{"href":"https:\/\/paromerchtem.be\/fr\/wp-json\/wp\/v2\/pages\/1401","targetHints":{"allow":["GET"]}}],"collection":[{"href":"https:\/\/paromerchtem.be\/fr\/wp-json\/wp\/v2\/pages"}],"about":[{"href":"https:\/\/paromerchtem.be\/fr\/wp-json\/wp\/v2\/types\/page"}],"author":[{"embeddable":true,"href":"https:\/\/paromerchtem.be\/fr\/wp-json\/wp\/v2\/users\/4"}],"replies":[{"embeddable":true,"href":"https:\/\/paromerchtem.be\/fr\/wp-json\/wp\/v2\/comments?post=1401"}],"version-history":[{"count":1,"href":"https:\/\/paromerchtem.be\/fr\/wp-json\/wp\/v2\/pages\/1401\/revisions"}],"predecessor-version":[{"id":1407,"href":"https:\/\/paromerchtem.be\/fr\/wp-json\/wp\/v2\/pages\/1401\/revisions\/1407"}],"wp:attachment":[{"href":"https:\/\/paromerchtem.be\/fr\/wp-json\/wp\/v2\/media?parent=1401"}],"curies":[{"name":"wp","href":"https:\/\/api.w.org\/{rel}","templated":true}]}}